{"id":58,"date":"2026-02-19T00:51:47","date_gmt":"2026-02-19T00:51:47","guid":{"rendered":"https:\/\/www.sexcitante.com\/ca\/?page_id=58"},"modified":"2026-02-19T22:37:46","modified_gmt":"2026-02-19T22:37:46","slug":"contacte","status":"publish","type":"page","link":"https:\/\/www.sexcitante.com\/ca\/contacte\/","title":{"rendered":"Contacte"},"content":{"rendered":"\n<div class=\"wp-block-group alignfull has-global-padding is-layout-constrained wp-block-group-is-layout-constrained\" style=\"margin-top:0;margin-bottom:0;padding-top:var(--wp--preset--spacing--50);padding-bottom:var(--wp--preset--spacing--50)\">\n<div class=\"wp-block-columns alignwide is-layout-flex wp-container-core-columns-is-layout-fa584acd wp-block-columns-is-layout-flex\">\n<div class=\"wp-block-column is-vertically-aligned-center is-layout-flow wp-block-column-is-layout-flow\">\n<h1 class=\"wp-block-heading has-text-align-center has-xx-large-font-size\" style=\"font-style:normal;font-weight:700\">Contacte i Registre: SexCitante Barcelona<\/h1>\n<\/div>\n<\/div>\n<\/div>\n\n\n<p class=\"has-medium-font-size\"><strong>SexCitante<\/strong> \u00e9s una iniciativa privada nascuda a <strong>Barcelona<\/strong>, dirigida a persones adultes interessades a explorar el sexe en grup en un entorn real, consentit i lliure de judicis.<\/p>\n\n\n<p class=\"has-medium-font-size\">No som un club nocturn: organitzem trobades seleccionades, de car\u00e0cter recurrent, amb aforament controlat, centrades en el respecte mutu, la discreci\u00f3 i l&#8217;afinitat.<\/p>\n\n\n<p class=\"has-medium-font-size\">Creiem en una sexualitat viscuda des de la llibertat, per\u00f2 amb estructura. Els nostres esdeveniments \u2014<strong>gang bangs, bukkakes, orgies<\/strong>\u2014 es desenvolupen en espais privats i segurs, amb normes clares i participants verificats. No hi ha improvisaci\u00f3 ni zones grises: cada detall est\u00e0 cuidat perqu\u00e8 cada assistent s\u00e0piga qu\u00e8 esperar i amb qui compartir\u00e0 l&#8217;experi\u00e8ncia.<\/p>\n\n\n<div style=\"height:25px\" aria-hidden=\"true\" class=\"wp-block-spacer\"><\/div>\n\n\n<div class=\"wp-block-group alignwide has-global-padding is-layout-constrained wp-block-group-is-layout-constrained\">\n<div class=\"wp-block-columns alignwide has-medium-font-size is-layout-flex wp-container-core-columns-is-layout-28f84493 wp-block-columns-is-layout-flex\">\n<div class=\"wp-block-column is-style-section-1 has-large-font-size is-layout-flow wp-block-column-is-layout-flow is-style-section-1--1\" style=\"padding-top:var(--wp--preset--spacing--50);padding-right:var(--wp--preset--spacing--50);padding-bottom:var(--wp--preset--spacing--50);padding-left:var(--wp--preset--spacing--50)\">\n<p class=\"has-text-align-left has-large-font-size\"><strong>Si desitges rebre informaci\u00f3 sobre propers esdeveniments, participar o resoldre qualsevol dubte, pots escriure&#8217;ns al seg\u00fcent correu electr\u00f2nic:<\/strong><\/p>\n\n\n<p class=\"is-style-text-annotation has-base-color has-contrast-background-color has-text-color has-background has-link-color has-large-font-size wp-elements-454ad6263c2d6a5730a32044a161dbd1 is-style-text-annotation--2\" style=\"border-radius:0px;padding-top:var(--wp--preset--spacing--20);padding-right:var(--wp--preset--spacing--30);padding-bottom:var(--wp--preset--spacing--20);padding-left:var(--wp--preset--spacing--30);font-style:normal;font-weight:700\"><a href=\"mailto:hola@sexcitante.com\">hola@sexcitante.com<\/a><\/p>\n\n\n<p><strong>Assegura&#8217;t d&#8217;incloure una breu presentaci\u00f3 sobre tu i el teu inter\u00e8s<\/strong>.<\/p>\n<\/div>\n\n\n<div class=\"wp-block-column is-style-section-1 is-layout-flow wp-block-column-is-layout-flow is-style-section-1--3\" style=\"padding-top:var(--wp--preset--spacing--50);padding-right:var(--wp--preset--spacing--50);padding-bottom:var(--wp--preset--spacing--50);padding-left:var(--wp--preset--spacing--50)\">\n<h3 class=\"wp-block-heading has-text-align-left has-large-font-size\" style=\"text-transform:uppercase\">Important<strong>:<\/strong><\/h3>\n\n\n<ul class=\"wp-block-list\">\n<li>Nom\u00e9s responem a persones majors de 18 anys.<\/li>\n\n\n<li>No compartim cap informaci\u00f3 amb tercers.<\/li>\n\n\n<li>No hi ha llista p\u00fablica ni plataforma oberta. Cada sol\u00b7licitud es tracta de forma individual.<\/li>\n\n\n<li>Si ja has assistit a algun dels nostres esdeveniments, pots indicar el teu \u00e0lies o correu d&#8217;acc\u00e9s habitual per agilitzar la comunicaci\u00f3.<\/li>\n<\/ul>\n\n\n<p>Consulta la nostra <a href=\"https:\/\/www.sexcitante.com\/politica-de-privacidad\/\" data-type=\"page\" data-id=\"3\">Pol\u00edtica de Privacitat<\/a> per a m\u00e9s informaci\u00f3 sobre el tractament de dades conforme al RGPD.<\/p>\n<\/div>\n<\/div>\n<\/div>\n\n\n<script type=\"application\/ld+json\">\n{\n  \"@context\": \"https:\/\/schema.org\",\n  \"@type\": \"ContactPage\",\n  \"mainEntity\": {\n    \"@type\": \"Organization\",\n    \"name\": \"SexCitante\",\n    \"url\": \"https:\/\/www.sexcitante.com\/\",\n    \"logo\": \"https:\/\/www.sexcitante.com\/wp-content\/uploads\/2025\/07\/cropped-favicon.png\",\n    \"contactPoint\": {\n      \"@type\": \"ContactPoint\",\n      \"email\": \"hola@sexcitante.com\",\n      \"contactType\": \"customer service\",\n      \"areaServed\": \"Barcelona\",\n      \"availableLanguage\": \"Catalan\"\n    }\n  }\n}\n<\/script>\n","protected":false},"excerpt":{"rendered":"<p>Contacte i Registre: SexCitante Barcelona SexCitante \u00e9s una iniciativa privada nascuda a Barcelona, dirigida a persones adultes interessades a explorar el sexe en grup en un entorn real, consentit i lliure de judicis. No som un club nocturn: organitzem trobades seleccionades, de car\u00e0cter recurrent, amb aforament controlat, centrades en el respecte mutu, la discreci\u00f3 i [&hellip;]<\/p>\n","protected":false},"author":1,"featured_media":0,"parent":0,"menu_order":0,"comment_status":"closed","ping_status":"closed","template":"page-no-title","meta":{"footnotes":""},"class_list":["post-58","page","type-page","status-publish","hentry"],"_links":{"self":[{"href":"https:\/\/www.sexcitante.com\/ca\/wp-json\/wp\/v2\/pages\/58","targetHints":{"allow":["GET"]}}],"collection":[{"href":"https:\/\/www.sexcitante.com\/ca\/wp-json\/wp\/v2\/pages"}],"about":[{"href":"https:\/\/www.sexcitante.com\/ca\/wp-json\/wp\/v2\/types\/page"}],"author":[{"embeddable":true,"href":"https:\/\/www.sexcitante.com\/ca\/wp-json\/wp\/v2\/users\/1"}],"replies":[{"embeddable":true,"href":"https:\/\/www.sexcitante.com\/ca\/wp-json\/wp\/v2\/comments?post=58"}],"version-history":[{"count":2,"href":"https:\/\/www.sexcitante.com\/ca\/wp-json\/wp\/v2\/pages\/58\/revisions"}],"predecessor-version":[{"id":60,"href":"https:\/\/www.sexcitante.com\/ca\/wp-json\/wp\/v2\/pages\/58\/revisions\/60"}],"wp:attachment":[{"href":"https:\/\/www.sexcitante.com\/ca\/wp-json\/wp\/v2\/media?parent=58"}],"curies":[{"name":"wp","href":"https:\/\/api.w.org\/{rel}","templated":true}]}}