{"id":19,"date":"2025-04-30T21:11:34","date_gmt":"2025-04-30T21:11:34","guid":{"rendered":"https:\/\/www.sexcitante.com\/fr\/?page_id=19"},"modified":"2026-02-19T23:28:27","modified_gmt":"2026-02-19T23:28:27","slug":"hotesses-barcelone","status":"publish","type":"page","link":"https:\/\/www.sexcitante.com\/fr\/hotesses-barcelone\/","title":{"rendered":"H\u00f4tesses Barcelone"},"content":{"rendered":"\n<div class=\"wp-block-group alignfull has-global-padding is-layout-constrained wp-block-group-is-layout-constrained\" style=\"margin-top:0;margin-bottom:0;padding-top:var(--wp--preset--spacing--50);padding-bottom:var(--wp--preset--spacing--50)\">\n<div class=\"wp-block-columns alignwide is-layout-flex wp-container-core-columns-is-layout-fa584acd wp-block-columns-is-layout-flex\">\n<div class=\"wp-block-column is-vertically-aligned-center is-layout-flow wp-block-column-is-layout-flow\">\n<h1 class=\"wp-block-heading has-xx-large-font-size\" style=\"font-style:normal;font-weight:700\">H\u00f4tesses \u00e0 Barcelone : S\u00e9curit\u00e9 et Libert\u00e9 dans le Sexe en Groupe<\/h1>\n\n\n\n<h2 class=\"wp-block-heading has-large-font-size\">Une exp\u00e9rience bas\u00e9e sur le plaisir, le respect et la libert\u00e9.<\/h2>\n\n\n\n<p>Chez <strong>SexCitante<\/strong>, nous organisons des rencontres priv\u00e9es \u00e0 Barcelone destin\u00e9es aux adultes qui souhaitent explorer leur sexualit\u00e9 en groupe selon les principes de <strong>consentement maximal, discr\u00e9tion et s\u00e9curit\u00e9<\/strong>. Les h\u00f4tesses jouent un r\u00f4le essentiel : leur pr\u00e9sence d\u00e9finit le rythme, l\u2019harmonie et l\u2019\u00e9nergie de chaque exp\u00e9rience partag\u00e9e.<\/p>\n\n\n\n<p class=\"is-style-text-annotation has-base-color has-contrast-background-color has-text-color has-background has-link-color has-large-font-size wp-elements-d7c985b7e0d1abc5d079e7403fea0e11 is-style-text-annotation--1\" style=\"border-radius:0px;padding-top:var(--wp--preset--spacing--20);padding-right:var(--wp--preset--spacing--30);padding-bottom:var(--wp--preset--spacing--20);padding-left:var(--wp--preset--spacing--30);font-style:normal;font-weight:600\">hola@sexcitante.com<\/p>\n\n\n\n<p class=\"has-medium-font-size\">Si vous souhaitez participer, \u00e9crivez-nous. <strong>Veillez \u00e0 inclure une courte pr\u00e9sentation sur vous et votre int\u00e9r\u00eat<\/strong>. Vous pouvez \u00e9galement visiter notre <strong><a href=\"https:\/\/www.sexcitante.com\/fr\/contact\/\" data-type=\"page\" data-id=\"54\">page de Contact<\/a><\/strong>.<\/p>\n<\/div>\n\n\n\n<div class=\"wp-block-column is-vertically-aligned-center is-layout-flow wp-block-column-is-layout-flow\">\n<figure class=\"wp-block-image size-full\"><img decoding=\"async\" src=\"https:\/\/www.sexcitante.com\/wp-content\/uploads\/2026\/02\/anfitriona-eventos-liberales-barcelona.webp\" alt=\"Femme h\u00f4tesse dirigeant une rencontre de sexe en groupe s\u00fbre et consentie \u00e0 Barcelone.\" class=\"wp-image-830\" style=\"aspect-ratio:1;object-fit:cover\"\/><\/figure>\n<\/div>\n<\/div>\n<\/div>\n\n\n\n<div class=\"wp-block-group alignwide has-global-padding is-layout-constrained wp-block-group-is-layout-constrained\">\n<h2 class=\"wp-block-heading has-text-align-center\" style=\"font-style:normal;font-weight:700\">Ce que signifie \u00eatre h\u00f4tesse<\/h2>\n\n\n\n<div class=\"wp-block-columns alignwide is-style-section-1 has-accent-5-background-color has-background has-medium-font-size is-layout-flex wp-container-core-columns-is-layout-b653aba5 wp-block-columns-is-layout-flex is-style-section-1--2\" style=\"padding-top:var(--wp--preset--spacing--50);padding-right:var(--wp--preset--spacing--50);padding-bottom:var(--wp--preset--spacing--50);padding-left:var(--wp--preset--spacing--50)\">\n<div class=\"wp-block-column is-layout-flow wp-block-column-is-layout-flow\">\n<p>\u00catre h\u00f4tesse n\u2019est pas une obligation, mais une <strong>attitude<\/strong>. C\u2019est la d\u00e9cision de partager \u00e0 partir de son propre d\u00e9sir, en savourant la connexion avec les autres dans un environnement <strong>libre de jugements<\/strong>. Il ne s\u2019agit pas de r\u00e9pondre aux attentes des autres, mais d\u2019\u00eatre la protagoniste de sa propre exploration \u00e9rotique.<\/p>\n<\/div>\n\n\n\n<div class=\"wp-block-column is-layout-flow wp-block-column-is-layout-flow\">\n<p>Nous recherchons des femmes qui appr\u00e9cient les cadres authentiques, <strong>sans cam\u00e9ras ni artifices<\/strong>, o\u00f9 la priorit\u00e9 est le bien-\u00eatre et le plaisir consenti. Vous trouverez ici un espace soign\u00e9, avec des personnes affinitaires et une <strong>absence totale de pression<\/strong>.<\/p>\n<\/div>\n<\/div>\n<\/div>\n\n\n\n<div class=\"wp-block-group alignwide has-global-padding is-layout-constrained wp-block-group-is-layout-constrained\">\n<div style=\"height:25px\" aria-hidden=\"true\" class=\"wp-block-spacer\"><\/div>\n\n\n\n<h2 class=\"wp-block-heading has-text-align-center\" style=\"font-style:normal;font-weight:700\">Notre proposition : S\u00e9curit\u00e9 et Libert\u00e9<\/h2>\n\n\n\n<div class=\"wp-block-columns alignwide has-medium-font-size is-layout-flex wp-container-core-columns-is-layout-28f84493 wp-block-columns-is-layout-flex\">\n<div class=\"wp-block-column is-style-section-1 has-large-font-size is-layout-flow wp-block-column-is-layout-flow is-style-section-1--3\" style=\"padding-top:var(--wp--preset--spacing--50);padding-right:var(--wp--preset--spacing--50);padding-bottom:var(--wp--preset--spacing--50);padding-left:var(--wp--preset--spacing--50)\">\n<h3 class=\"wp-block-heading has-text-align-center has-large-font-size\" style=\"text-transform:capitalize\">Ce que nous offrons<\/h3>\n\n\n\n<ul class=\"wp-block-list is-style-checkmark-list has-medium-font-size\">\n<li><strong>Un environnement s\u00fbr et souverain :<\/strong> Vous d\u00e9cidez toujours du quoi, du comment et du avec qui. Votre consentement est la seule limite.<\/li>\n\n\n\n<li><strong>Gestion professionnelle et discr\u00e8te :<\/strong> \u00c9v\u00e9nements \u00e0 jauge contr\u00f4l\u00e9e et une <strong>s\u00e9lection pr\u00e9alable stricte<\/strong> des invit\u00e9s pour garantir une ambiance polie et respectueuse.<\/li>\n\n\n\n<li><strong>Soins du d\u00e9tail :<\/strong> De l\u2019ambiance du lieu \u00e0 la logistique n\u00e9cessaire pour que vous n\u2019ayez qu\u2019\u00e0 vous concentrer sur le plaisir.<\/li>\n\n\n\n<li><strong>Confidentialit\u00e9 absolue :<\/strong> Protocoles stricts interdisant l\u2019utilisation de tout dispositif d\u2019enregistrement.<\/li>\n<\/ul>\n<\/div>\n\n\n\n<div class=\"wp-block-column is-style-section-1 is-layout-flow wp-block-column-is-layout-flow is-style-section-1--4\" style=\"padding-top:var(--wp--preset--spacing--50);padding-right:var(--wp--preset--spacing--50);padding-bottom:var(--wp--preset--spacing--50);padding-left:var(--wp--preset--spacing--50)\">\n<h3 class=\"wp-block-heading has-text-align-center has-large-font-size\" style=\"text-transform:capitalize\">Ce que nous demandons<\/h3>\n\n\n\n<ul class=\"wp-block-list\">\n<li>Femmes <strong>majeures de 18 ans<\/strong> avec une vision libre et responsable de la sexualit\u00e9.<\/li>\n\n\n\n<li>Personnes qui valorisent le <strong>respect mutuel<\/strong> et la communication claire.<\/li>\n\n\n\n<li>Affinit\u00e9 avec la proposition esth\u00e9tique et \u00e9thique de <strong>SexCitante<\/strong>.<\/li>\n<\/ul>\n\n\n\n<p>Dans notre communaut\u00e9, nous ne recherchons ni st\u00e9r\u00e9otypes ni perfection esth\u00e9tique ; nous cherchons une <strong>pr\u00e9sence authentique<\/strong>, de l\u2019honn\u00eatet\u00e9 et l\u2019envie de vivre le sexe en groupe d\u2019une mani\u00e8re diff\u00e9rente.<\/p>\n\n\n\n<p>Vous pouvez consulter les <a href=\"https:\/\/www.sexcitante.com\/fr\/regles-de-la-communaute\/\" data-type=\"page\" data-id=\"57\">r\u00e8gles compl\u00e8tes ici<\/a>.<\/p>\n<\/div>\n<\/div>\n<\/div>\n\n\n\n<div class=\"wp-block-group has-global-padding is-layout-constrained wp-block-group-is-layout-constrained\">\n<h2 class=\"wp-block-heading has-text-align-center\" style=\"margin-top:var(--wp--preset--spacing--50);margin-bottom:var(--wp--preset--spacing--50);font-style:normal;font-weight:700\">Questions fr\u00e9quentes pour les h\u00f4tesses<\/h2>\n\n\n\n<h3 class=\"wp-block-heading\" style=\"font-style:normal;font-weight:700\">Quel contr\u00f4le ai-je sur ce qui se passe lors de l\u2019\u00e9v\u00e9nement ?<\/h3>\n\n\n\n<p>Le <strong>contr\u00f4le est absolu et souverain<\/strong>. En tant qu\u2019h\u00f4tesse, vous d\u00e9cidez \u00e0 tout moment avec qui interagir et quels sont vos limites. Le consentement chez <strong>SexCitante<\/strong> est dynamique ; vous pouvez arr\u00eater toute interaction imm\u00e9diatement <strong>sans justification<\/strong>.<\/p>\n\n\n\n<h3 class=\"wp-block-heading\" style=\"font-style:normal;font-weight:700\">Comment ma confidentialit\u00e9 et mon anonymat sont-ils garantis ?<\/h3>\n\n\n\n<p>La discr\u00e9tion est notre pierre angulaire. Nous appliquons un protocole strict qui <strong>interdit l\u2019utilisation de t\u00e9l\u00e9phones mobiles<\/strong> et de tout dispositif d\u2019enregistrement. Les lieux sont <strong>100 % priv\u00e9s<\/strong> et ne sont r\u00e9v\u00e9l\u00e9s qu\u2019aux participants v\u00e9rifi\u00e9s. Votre identit\u00e9 est prot\u00e9g\u00e9e par un accord de confidentialit\u00e9.<\/p>\n\n\n\n<h3 class=\"wp-block-heading\" style=\"font-style:normal;font-weight:700\">Qui sont les invit\u00e9s qui assistent aux rencontres ?<\/h3>\n\n\n\n<p>Nous effectuons une <strong>v\u00e9rification pr\u00e9alable exhaustive<\/strong> de chaque participant. Nous recherchons des profils polis et respectueux qui comprennent notre philosophie. Nous n\u2019autorisons aucun comportement invasif et nous nous r\u00e9servons le <strong>droit d\u2019admission<\/strong> pour pr\u00e9server l\u2019harmonie du groupe.<\/p>\n\n\n\n<h3 class=\"wp-block-heading\" style=\"font-style:normal;font-weight:700\">Y a-t-il un co\u00fbt pour moi en participant ?<\/h3>\n\n\n\n<p><strong>Non<\/strong>. Les h\u00f4tesses sont les invit\u00e9es d\u2019honneur de l\u2019exp\u00e9rience. Notre priorit\u00e9 est de cr\u00e9er un environnement de plaisir o\u00f9 les femmes peuvent explorer le <strong>sexe en groupe<\/strong> en toute libert\u00e9, s\u00e9curit\u00e9 et sans aucune pression logistique ou financi\u00e8re.<\/p>\n<\/div>\n\n\n\n<script type=\"application\/ld+json\">\n{\n  \"@context\": \"https:\/\/schema.org\",\n  \"@type\": \"FAQPage\",\n  \"mainEntity\": [\n    {\n      \"@type\": \"Question\",\n      \"name\": \"Quel contr\u00f4le ai-je sur ce qui se passe lors de l\u2019\u00e9v\u00e9nement ?\",\n      \"acceptedAnswer\": {\n        \"@type\": \"Answer\",\n        \"text\": \"Le contr\u00f4le est absolu et souverain. En tant qu\u2019h\u00f4tesse, vous d\u00e9cidez \u00e0 tout moment avec qui interagir et quels sont vos limites. Le consentement chez SexCitante est dynamique ; vous pouvez arr\u00eater toute interaction imm\u00e9diatement sans justification.\"\n      }\n    },\n    {\n      \"@type\": \"Question\",\n      \"name\": \"Comment ma confidentialit\u00e9 et mon anonymat sont-ils garantis ?\",\n      \"acceptedAnswer\": {\n        \"@type\": \"Answer\",\n        \"text\": \"Nous appliquons un protocole strict qui interdit l\u2019utilisation de t\u00e9l\u00e9phones mobiles et de dispositifs d\u2019enregistrement. Les lieux sont 100 % priv\u00e9s et ne sont r\u00e9v\u00e9l\u00e9s qu\u2019aux participants v\u00e9rifi\u00e9s pour prot\u00e9ger votre identit\u00e9 \u00e0 tout moment.\"\n      }\n    },\n    {\n      \"@type\": \"Question\",\n      \"name\": \"Qui sont les invit\u00e9s qui assistent aux rencontres ?\",\n      \"acceptedAnswer\": {\n        \"@type\": \"Answer\",\n        \"text\": \"Nous effectuons une v\u00e9rification pr\u00e9alable exhaustive de chaque participant. Nous recherchons des profils polis et respectueux qui comprennent notre philosophie, interdisant les comportements invasifs et nous r\u00e9servant le droit d\u2019admission.\"\n      }\n    },\n    {\n      \"@type\": \"Question\",\n      \"name\": \"Y a-t-il un co\u00fbt pour moi en participant ?\",\n      \"acceptedAnswer\": {\n        \"@type\": \"Answer\",\n        \"text\": \"Non. Les h\u00f4tesses sont invit\u00e9es \u00e0 l\u2019exp\u00e9rience. Nous nous concentrons sur la cr\u00e9ation d\u2019un espace s\u00fbr o\u00f9 le plaisir et la libert\u00e9 des femmes sont la priorit\u00e9 absolue, sans pressions logistiques ni financi\u00e8res.\"\n      }\n    }\n  ]\n}\n<\/script>\n\n\n\n<div class=\"wp-block-group alignwide is-style-section-1 has-global-padding is-layout-constrained wp-block-group-is-layout-constrained is-style-section-1--5\" style=\"margin-top:var(--wp--preset--spacing--50);padding-bottom:var(--wp--preset--spacing--50)\">\n<div style=\"height:25px\" aria-hidden=\"true\" class=\"wp-block-spacer\"><\/div>\n\n\n\n<h2 class=\"wp-block-heading has-text-align-center\" style=\"font-style:normal;font-weight:700\">\u00c7a vous int\u00e9resse de rejoindre ?<\/h2>\n\n\n\n<p class=\"has-medium-font-size\">Si vous souhaitez participer en tant qu\u2019h\u00f4tesse \u00e0 nos prochaines rencontres, \u00e9crivez-nous \u00e0 <strong>hola@sexcitante.com<\/strong> et parlez-nous un peu de vous. Nous maintiendrons une communication avec <strong>discr\u00e9tion totale<\/strong> pour r\u00e9pondre \u00e0 vos questions et vous expliquer comment nous v\u00e9rifions les invit\u00e9s qui assistent \u00e0 nos rencontres.<\/p>\n\n\n\n<div class=\"wp-block-buttons is-layout-flex wp-block-buttons-is-layout-flex\" style=\"margin-top:var(--wp--preset--spacing--40)\">\n<div class=\"wp-block-button has-custom-width wp-block-button__width-100\"><a class=\"wp-block-button__link has-contrast-background-color has-background wp-element-button\" href=\"https:\/\/www.sexcitante.com\/contacto\/\" style=\"border-radius:0px;font-style:normal;font-weight:1000;text-transform:uppercase\">Je veux rejoindre \u2192<\/a><\/div>\n<\/div>\n<\/div>\n","protected":false},"excerpt":{"rendered":"<p>H\u00f4tesses \u00e0 Barcelone : S\u00e9curit\u00e9 et Libert\u00e9 dans le Sexe en Groupe Une exp\u00e9rience bas\u00e9e sur le plaisir, le respect et la libert\u00e9. Chez SexCitante, nous organisons des rencontres priv\u00e9es \u00e0 Barcelone destin\u00e9es aux adultes qui souhaitent explorer leur sexualit\u00e9 en groupe selon les principes de consentement maximal, discr\u00e9tion et s\u00e9curit\u00e9. Les h\u00f4tesses jouent un [&hellip;]<\/p>\n","protected":false},"author":1,"featured_media":0,"parent":0,"menu_order":0,"comment_status":"closed","ping_status":"closed","template":"page-no-title","meta":{"footnotes":""},"class_list":["post-19","page","type-page","status-publish","hentry"],"_links":{"self":[{"href":"https:\/\/www.sexcitante.com\/fr\/wp-json\/wp\/v2\/pages\/19","targetHints":{"allow":["GET"]}}],"collection":[{"href":"https:\/\/www.sexcitante.com\/fr\/wp-json\/wp\/v2\/pages"}],"about":[{"href":"https:\/\/www.sexcitante.com\/fr\/wp-json\/wp\/v2\/types\/page"}],"author":[{"embeddable":true,"href":"https:\/\/www.sexcitante.com\/fr\/wp-json\/wp\/v2\/users\/1"}],"replies":[{"embeddable":true,"href":"https:\/\/www.sexcitante.com\/fr\/wp-json\/wp\/v2\/comments?post=19"}],"version-history":[{"count":7,"href":"https:\/\/www.sexcitante.com\/fr\/wp-json\/wp\/v2\/pages\/19\/revisions"}],"predecessor-version":[{"id":81,"href":"https:\/\/www.sexcitante.com\/fr\/wp-json\/wp\/v2\/pages\/19\/revisions\/81"}],"wp:attachment":[{"href":"https:\/\/www.sexcitante.com\/fr\/wp-json\/wp\/v2\/media?parent=19"}],"curies":[{"name":"wp","href":"https:\/\/api.w.org\/{rel}","templated":true}]}}