{"id":4,"date":"2025-04-30T20:33:10","date_gmt":"2025-04-30T20:33:10","guid":{"rendered":"https:\/\/www.sexcitante.com\/fr\/?page_id=4"},"modified":"2026-03-15T01:17:27","modified_gmt":"2026-03-15T01:17:27","slug":"accueil","status":"publish","type":"page","link":"https:\/\/www.sexcitante.com\/fr\/","title":{"rendered":"Gang Bang Barcelona : Sexe en Groupe Priv\u00e9"},"content":{"rendered":"\n<div class=\"wp-block-group alignfull has-global-padding is-layout-constrained wp-block-group-is-layout-constrained\" style=\"margin-top:0;margin-bottom:0;padding-top:var(--wp--preset--spacing--60);padding-bottom:var(--wp--preset--spacing--60)\">\n<div class=\"wp-block-columns alignwide is-layout-flex wp-container-core-columns-is-layout-28f84493 wp-block-columns-is-layout-flex\">\n<div class=\"wp-block-column is-layout-flow wp-block-column-is-layout-flow\">\n<h1 class=\"wp-block-heading has-xx-large-font-size\" style=\"font-style:normal;font-weight:700\">Gang Bang Barcelona : Rencontres Priv\u00e9es de Sexe en Groupe<\/h1>\n\n\n\n<p>Bienvenue chez <strong>SexCitante<\/strong>, le lieu de r\u00e9f\u00e9rence pour le <strong>sexe en groupe<\/strong> exclusif dans la ville. Notre sp\u00e9cialit\u00e9 est l\u2019organisation d\u2019\u00e9v\u00e9nements de <strong>gang bang \u00e0 Barcelona<\/strong>, minutieusement con\u00e7us pour ceux qui recherchent une exp\u00e9rience de haute qualit\u00e9, discr\u00e8te et totalement s\u00e9curis\u00e9e dans des lieux privil\u00e9gi\u00e9s de l\u2019Eixample et du Poblenou.<\/p>\n\n\n\n<p class=\"has-medium-font-size\"><em>En tant que club priv\u00e9 de <strong>sexe en groupe<\/strong>, tous nos \u00e9v\u00e9nements programm\u00e9s de <strong>gang bang<\/strong> et de <a href=\"https:\/\/www.sexcitante.com\/fr\/bukkake-barcelone\/\" data-type=\"page\" data-id=\"44\">bukkake<\/a> pour <strong>mars 2026<\/strong> n\u00e9cessitent une invitation personnelle apr\u00e8s une br\u00e8ve v\u00e9rification de profil.<\/em><\/p>\n\n\n\n<p class=\"is-style-text-annotation has-base-color has-contrast-background-color has-text-color has-background has-link-color has-large-font-size wp-elements-d7c985b7e0d1abc5d079e7403fea0e11 is-style-text-annotation--1\" style=\"border-radius:0px;padding-top:var(--wp--preset--spacing--20);padding-right:var(--wp--preset--spacing--30);padding-bottom:var(--wp--preset--spacing--20);padding-left:var(--wp--preset--spacing--30);font-style:normal;font-weight:600\">hola@sexcitante.com<\/p>\n\n\n\n<p class=\"has-medium-font-size\">Si vous souhaitez participer \u00e0 notre prochain <strong>gang bang \u00e0 Barcelona<\/strong> ou d\u00e9couvrir nos dynamiques de <strong>sexe en groupe<\/strong>, envoyez-nous une pr\u00e9sentation ou utilisez notre <a href=\"https:\/\/www.sexcitante.com\/contacto\/\" data-type=\"page\" data-id=\"70\"><strong>page de Contact<\/strong><\/a>.<\/p>\n<\/div>\n\n\n\n<div class=\"wp-block-column is-layout-flow wp-block-column-is-layout-flow\">\n<div class=\"wp-block-group is-layout-grid wp-container-core-group-is-layout-b757edec wp-block-group-is-layout-grid\">\n<figure class=\"wp-block-image size-full has-custom-border\"><img decoding=\"async\" src=\"https:\/\/www.sexcitante.com\/wp-content\/uploads\/2026\/03\/gang-bang-barcelona-evento-privado.webp\" alt=\"Participation \u00e0 un gang bang \u00e0 Barcelona organis\u00e9 de mani\u00e8re s\u00fbre et priv\u00e9e.\" class=\"wp-image-800\" style=\"border-width:1px;aspect-ratio:1;object-fit:cover\"\/><\/figure>\n\n\n\n<figure class=\"wp-block-image size-full has-custom-border\"><img decoding=\"async\" src=\"https:\/\/www.sexcitante.com\/wp-content\/uploads\/2026\/03\/bukkake-barcelona-reunion-exclusiva.webp\" alt=\"Session de bukkake \u00e0 Barcelona dans le cadre d\u2019un \u00e9v\u00e9nement exclusif de sexe en groupe.\" class=\"wp-image-799\" style=\"border-width:1px;aspect-ratio:1;object-fit:cover\"\/><\/figure>\n\n\n\n<figure class=\"wp-block-image size-full has-custom-border\"><img decoding=\"async\" src=\"https:\/\/www.sexcitante.com\/wp-content\/uploads\/2026\/03\/gang-bang-barcelona-local-discreto.webp\" alt=\"Lieu priv\u00e9 pour pratiquer le gang bang \u00e0 Barcelona en toute discr\u00e9tion et confort.\" class=\"wp-image-847\" style=\"border-width:1px;aspect-ratio:1;object-fit:cover\"\/><\/figure>\n\n\n\n<figure class=\"wp-block-image size-full has-custom-border\"><img decoding=\"async\" src=\"https:\/\/www.sexcitante.com\/wp-content\/uploads\/2026\/03\/bukkake-barcelona-espacio-seguro.webp\" alt=\"Environnement hygi\u00e9nique pour bukkake et sexe en groupe dans la ville de Barcelona.\" class=\"wp-image-798\" style=\"border-width:1px;aspect-ratio:1;object-fit:cover\"\/><\/figure>\n<\/div>\n<\/div>\n<\/div>\n<\/div>\n\n\n\n<div class=\"wp-block-group alignwide has-global-padding is-layout-constrained wp-block-group-is-layout-constrained\">\n<h2 class=\"wp-block-heading has-text-align-center\" style=\"font-style:normal;font-weight:700\">\u00c0 propos de SexCitante : Experts en Gang Bang et Sexe en Groupe \u00e0 Barcelona<\/h2>\n\n\n\n<div class=\"wp-block-columns alignwide is-style-section-1 has-accent-5-background-color has-background has-medium-font-size is-layout-flex wp-container-core-columns-is-layout-b653aba5 wp-block-columns-is-layout-flex is-style-section-1--2\" style=\"padding-top:var(--wp--preset--spacing--50);padding-right:var(--wp--preset--spacing--50);padding-bottom:var(--wp--preset--spacing--50);padding-left:var(--wp--preset--spacing--50)\">\n<div class=\"wp-block-column is-layout-flow wp-block-column-is-layout-flow\">\n<p>Chez <strong>SexCitante<\/strong>, nous comprenons que le <strong>sexe en groupe<\/strong> n\u00e9cessite une organisation irr\u00e9prochable. C\u2019est pourquoi chaque <strong>gang bang \u00e0 Barcelona<\/strong> que nous coordonnons est r\u00e9gi par des r\u00e8gles strictes de respect, d\u2019hygi\u00e8ne et de consentement mutuel, garantissant \u00e0 tous les participants un environnement de <strong>sexe en groupe<\/strong> d\u00e9tendu et professionnel.<\/p>\n<\/div>\n\n\n\n<div class=\"wp-block-column is-layout-flow wp-block-column-is-layout-flow\">\n<p>Notre communaut\u00e9 de <strong>sexe en groupe \u00e0 Barcelona<\/strong> est s\u00e9lective et priv\u00e9e. Si vous cherchez \u00e0 explorer un <strong>gang bang<\/strong> structur\u00e9, des dynamiques de <a href=\"https:\/\/www.sexcitante.com\/fr\/bukkake-barcelone\/\">bukkake<\/a> ou des rencontres libertines, vous trouverez ici le s\u00e9rieux et le confort que les autres lieux surpeupl\u00e9s de la ville ne peuvent offrir.<\/p>\n<\/div>\n<\/div>\n<\/div>\n\n\n\n<div class=\"wp-block-group alignfull has-global-padding is-layout-constrained wp-container-core-group-is-layout-ebee8dc1 wp-block-group-is-layout-constrained\" style=\"margin-top:0;margin-bottom:0;padding-top:var(--wp--preset--spacing--50);padding-bottom:var(--wp--preset--spacing--50)\">\n<h2 class=\"wp-block-heading has-text-align-center\" style=\"font-style:normal;font-weight:700\">Nos Rencontres : Sexe en Groupe \u00e0 Barcelona<\/h2>\n\n\n\n<div class=\"wp-block-columns alignwide is-layout-flex wp-container-core-columns-is-layout-28f84493 wp-block-columns-is-layout-flex\">\n<div class=\"wp-block-column is-layout-flow wp-block-column-is-layout-flow\">\n<figure class=\"wp-block-image size-full has-custom-border\" style=\"margin-bottom:24px\"><img decoding=\"async\" src=\"https:\/\/www.sexcitante.com\/wp-content\/uploads\/2026\/03\/calendario-gang-bang-barcelona-marzo.webp\" alt=\"Calendrier pour assister \u00e0 un gang bang \u00e0 Barcelona en mars 2026.\" class=\"wp-image-848\" style=\"border-width:1px\"\/><\/figure>\n\n\n\n<h3 class=\"wp-block-heading\"><strong>Gang Bang<\/strong> : Dynamiques Simultan\u00e9es<\/h3>\n\n\n\n<p class=\"has-medium-font-size\">Nos \u00e9v\u00e9nements de <strong>gang bang \u00e0 Barcelona<\/strong> reposent sur des dynamiques simultan\u00e9es. Avec un ratio maximum de trois participants par h\u00f4tesse, nous garantissons une exp\u00e9rience de <strong>sexe en groupe<\/strong> fluide, naturelle et totalement consentie pour tous.<\/p>\n<\/div>\n\n\n\n<div class=\"wp-block-column is-layout-flow wp-block-column-is-layout-flow\">\n<figure class=\"wp-block-image size-full has-custom-border\" style=\"margin-bottom:24px\"><img decoding=\"async\" src=\"https:\/\/www.sexcitante.com\/wp-content\/uploads\/2026\/03\/bukkake-barcelona-ambiente-privado.webp\" alt=\"Ambiance priv\u00e9e pour bukkake et sexe en groupe \u00e0 Barcelona.\" class=\"wp-image-797\" style=\"border-width:1px\"\/><\/figure>\n\n\n\n<h3 class=\"wp-block-heading\">Bukkakes Consentis<\/h3>\n\n\n\n<p class=\"has-medium-font-size\">En plus du <strong>gang bang<\/strong>, nous organisons des sessions de <a href=\"https:\/\/www.sexcitante.com\/fr\/bukkake-barcelone\/\" data-type=\"page\" data-id=\"125\">bukkake<\/a> \u00e0 Barcelona. Ce sont des rencontres tr\u00e8s appr\u00e9ci\u00e9es au sein de notre communaut\u00e9 de <strong>sexe en groupe<\/strong> gr\u00e2ce \u00e0 leur organisation impeccable et au respect absolu des r\u00e8gles du club.<\/p>\n<\/div>\n\n\n\n<div class=\"wp-block-column is-layout-flow wp-block-column-is-layout-flow\">\n<figure class=\"wp-block-image size-full has-custom-border\" style=\"margin-bottom:24px\"><img decoding=\"async\" src=\"https:\/\/www.sexcitante.com\/wp-content\/uploads\/2026\/03\/gang-bang-barcelona-perfiles-verificados.webp\" alt=\"Profils v\u00e9rifi\u00e9s pour sexe en groupe et gang bang \u00e0 Barcelona.\" class=\"wp-image-803\" style=\"border-width:1px\"\/><\/figure>\n\n\n\n<h3 class=\"wp-block-heading\">Ambiance S\u00e9lective et Priv\u00e9e<\/h3>\n\n\n\n<p class=\"has-medium-font-size\">Faire partie de SexCitante vous donne acc\u00e8s \u00e0 un environnement de <strong>sexe en groupe \u00e0 Barcelona<\/strong> incomparable. Chaque <strong>gang bang<\/strong> est une opportunit\u00e9 de rencontrer des personnes partageant vos valeurs, qui accordent autant d\u2019importance que vous \u00e0 la <strong>discr\u00e9tion<\/strong> et \u00e0 l\u2019hygi\u00e8ne.<\/p>\n<\/div>\n<\/div>\n<\/div>\n\n\n\n<div class=\"wp-block-group alignwide has-global-padding is-layout-constrained wp-block-group-is-layout-constrained\">\n<h2 class=\"wp-block-heading has-text-align-center\" style=\"font-style:normal;font-weight:700\">Rejoignez SexCitante : Sexe en Groupe S\u00e9curis\u00e9 \u00e0 Barcelona<\/h2>\n\n\n\n<div class=\"wp-block-columns alignwide has-medium-font-size is-layout-flex wp-container-core-columns-is-layout-28f84493 wp-block-columns-is-layout-flex\">\n<div class=\"wp-block-column is-style-section-1 has-large-font-size is-layout-flow wp-block-column-is-layout-flow is-style-section-1--3\" style=\"padding-top:var(--wp--preset--spacing--50);padding-right:var(--wp--preset--spacing--50);padding-bottom:var(--wp--preset--spacing--50);padding-left:var(--wp--preset--spacing--50)\">\n<h3 class=\"wp-block-heading has-text-align-center has-large-font-size\"><strong>Avantages de la communaut\u00e9 :<\/strong><\/h3>\n\n\n\n<ul class=\"wp-block-list is-style-checkmark-list has-medium-font-size\">\n<li>Acc\u00e8s aux \u00e9v\u00e9nements de <strong>gang bang<\/strong>, <strong><a href=\"https:\/\/www.sexcitante.com\/fr\/bukkake-barcelone\/\" data-type=\"page\" data-id=\"125\">bukkake<\/a><\/strong> et <strong>sexe en groupe \u00e0 Barcelona<\/strong>.<\/li>\n\n\n\n<li>R\u00e9seau <strong>priv\u00e9<\/strong> pour adultes consentants partageant les m\u00eames envies.<\/li>\n\n\n\n<li><strong>Discr\u00e9tion<\/strong>, <strong>s\u00e9curit\u00e9<\/strong> et <strong>confidentialit\u00e9<\/strong> garanties.<\/li>\n\n\n\n<li>Environnements adapt\u00e9s pour explorer vos d\u00e9sirs de <strong>sexe en groupe<\/strong> sans pression.<\/li>\n<\/ul>\n\n\n\n<div class=\"wp-block-buttons is-layout-flex wp-block-buttons-is-layout-flex\" style=\"margin-top:var(--wp--preset--spacing--40)\">\n<div class=\"wp-block-button has-custom-width wp-block-button__width-100\"><a class=\"wp-block-button__link has-contrast-background-color has-background wp-element-button\" href=\"https:\/\/www.sexcitante.com\/contacto\/\" style=\"border-radius:0px;font-style:normal;font-weight:1000;text-transform:uppercase\">Je veux rejoindre \u2192<\/a><\/div>\n<\/div>\n<\/div>\n\n\n\n<div class=\"wp-block-column is-style-section-1 is-layout-flow wp-block-column-is-layout-flow is-style-section-1--4\" style=\"padding-top:var(--wp--preset--spacing--50);padding-right:var(--wp--preset--spacing--50);padding-bottom:var(--wp--preset--spacing--50);padding-left:var(--wp--preset--spacing--50)\">\n<h3 class=\"wp-block-heading has-text-align-center has-large-font-size\"><strong>R\u00e8gles de SexCitante<\/strong><\/h3>\n\n\n\n<ul class=\"wp-block-list\">\n<li>Uniquement les majeurs de plus de 18 ans apr\u00e8s v\u00e9rification pr\u00e9alable.<\/li>\n\n\n\n<li><strong>Consentement verbal et explicite<\/strong> obligatoire.<\/li>\n\n\n\n<li><strong>Sant\u00e9 sexuelle :<\/strong> nous fournissons du mat\u00e9riel prophylactique de haute qualit\u00e9.<\/li>\n\n\n\n<li>Interdiction des cam\u00e9ras, drogues ou comportements irrespectueux.<\/li>\n\n\n\n<li>La contribution couvre uniquement les frais logistiques et d\u2019organisation.<\/li>\n\n\n\n<li><strong>Confidentialit\u00e9 absolue :<\/strong> engagement total de discr\u00e9tion.<\/li>\n<\/ul>\n\n\n\n<p>Consultez les <a href=\"https:\/\/www.sexcitante.com\/normas\/\">r\u00e8gles compl\u00e8tes ici<\/a>.<\/p>\n<\/div>\n<\/div>\n<\/div>\n\n\n\n<div class=\"wp-block-group has-global-padding is-layout-constrained wp-block-group-is-layout-constrained\">\n<h2 class=\"wp-block-heading has-text-align-center\" style=\"margin-top:var(--wp--preset--spacing--50);margin-bottom:var(--wp--preset--spacing--50);font-style:normal;font-weight:700\">Questions fr\u00e9quentes sur le Sexe en Groupe \u00e0 Barcelona<\/h2>\n\n\n\n<h3 class=\"wp-block-heading\" style=\"font-style:normal;font-weight:700\">Quand aura lieu le prochain gang bang \u00e0 Barcelona ?<\/h3>\n\n\n\n<p>Pour des raisons de s\u00e9curit\u00e9 et de <strong>confidentialit\u00e9<\/strong>, les dates de <strong>mars 2026<\/strong> pour nos \u00e9v\u00e9nements de <strong>gang bang<\/strong> et de <a href=\"https:\/\/www.sexcitante.com\/fr\/bukkake-barcelone\/\" data-type=\"page\" data-id=\"125\">bukkake<\/a> ne sont pas publiques. Nous envoyons le calendrier d\u00e9taill\u00e9 de <strong>sexe en groupe<\/strong> uniquement aux membres confirm\u00e9s apr\u00e8s leur pr\u00e9sentation par email.<\/p>\n\n\n\n<h3 class=\"wp-block-heading\" style=\"font-style:normal;font-weight:700\">O\u00f9 se d\u00e9roulent les \u00e9v\u00e9nements de sexe en groupe ?<\/h3>\n\n\n\n<p>Nous organisons des exp\u00e9riences de <strong>sexe en groupe \u00e0 Barcelona<\/strong> dans des lieux priv\u00e9s et discrets, situ\u00e9s dans des quartiers comme l\u2019<strong>Eixample<\/strong> ou le <strong>Poblenou<\/strong>. L\u2019emplacement exact est communiqu\u00e9 uniquement aux participants de chaque <strong>gang bang<\/strong> ou session programm\u00e9e.<\/p>\n\n\n\n<h3 class=\"wp-block-heading\" style=\"font-style:normal;font-weight:700\">SexCitante est-il un club swinger classique ?<\/h3>\n\n\n\n<p>Non. Nous nous distinguons en \u00e9vitant la surpopulation. Chez <strong>SexCitante<\/strong>, nous g\u00e9rons chaque <strong>gang bang \u00e0 Barcelona<\/strong> avec un ratio contr\u00f4l\u00e9 de participants, garantissant une exp\u00e9rience de <strong>sexe en groupe<\/strong> beaucoup plus intime, authentique et s\u00e9curis\u00e9e.<\/p>\n\n\n\n<h3 class=\"wp-block-heading\" style=\"font-style:normal;font-weight:700\">Quelles mesures de s\u00e9curit\u00e9 et d\u2019hygi\u00e8ne appliquez-vous ?<\/h3>\n\n\n\n<p>La s\u00e9curit\u00e9 est notre priorit\u00e9 absolue. Nous appliquons des protocoles stricts de comportement et garantissons l\u2019hygi\u00e8ne en fournissant du mat\u00e9riel prophylactique de haute qualit\u00e9 lors de chaque \u00e9v\u00e9nement de <strong>sexe en groupe<\/strong>. Nous voulons que vous viviez votre exp\u00e9rience de <strong>gang bang<\/strong> en toute s\u00e9r\u00e9nit\u00e9.<\/p>\n<\/div>\n\n\n\n<script type=\"application\/ld+json\">\n{\n  \"@context\": \"https:\/\/schema.org\",\n  \"@type\": \"FAQPage\",\n  \"mainEntity\": [\n    {\n      \"@type\": \"Question\",\n      \"name\": \"Quand aura lieu le prochain gang bang \u00e0 Barcelona ?\",\n      \"acceptedAnswer\": {\n        \"@type\": \"Answer\",\n        \"text\": \"Pour des raisons de s\u00e9curit\u00e9 et de confidentialit\u00e9, les dates de mars 2026 pour nos \u00e9v\u00e9nements de gang bang et de bukkake ne sont pas publiques. Nous envoyons le calendrier d\u00e9taill\u00e9 de sexe en groupe uniquement aux membres confirm\u00e9s apr\u00e8s leur pr\u00e9sentation par email.\"\n      }\n    },\n    {\n      \"@type\": \"Question\",\n      \"name\": \"O\u00f9 se d\u00e9roulent les \u00e9v\u00e9nements de sexe en groupe ?\",\n      \"acceptedAnswer\": {\n        \"@type\": \"Answer\",\n        \"text\": \"Nous organisons des exp\u00e9riences de sexe en groupe \u00e0 Barcelona dans des lieux priv\u00e9s et discrets, situ\u00e9s dans des quartiers comme l\u2019Eixample ou le Poblenou. L\u2019emplacement exact est communiqu\u00e9 uniquement aux participants de chaque gang bang ou session programm\u00e9e.\"\n      }\n    },\n    {\n      \"@type\": \"Question\",\n      \"name\": \"SexCitante est-il un club swinger classique ?\",\n      \"acceptedAnswer\": {\n        \"@type\": \"Answer\",\n        \"text\": \"Non. Nous nous distinguons en \u00e9vitant la surpopulation. Chez SexCitante, nous g\u00e9rons chaque gang bang \u00e0 Barcelona avec un ratio contr\u00f4l\u00e9 de participants, garantissant une exp\u00e9rience de sexe en groupe beaucoup plus intime, authentique et s\u00e9curis\u00e9e.\"\n      }\n    },\n    {\n      \"@type\": \"Question\",\n      \"name\": \"Quelles mesures de s\u00e9curit\u00e9 et d\u2019hygi\u00e8ne appliquez-vous ?\",\n      \"acceptedAnswer\": {\n        \"@type\": \"Answer\",\n        \"text\": \"La s\u00e9curit\u00e9 est notre priorit\u00e9 absolue. Nous appliquons des protocoles stricts de comportement et garantissons l\u2019hygi\u00e8ne en fournissant du mat\u00e9riel prophylactique de haute qualit\u00e9 lors de chaque \u00e9v\u00e9nement de sexe en groupe. Nous voulons que vous viviez votre exp\u00e9rience de gang bang en toute s\u00e9r\u00e9nit\u00e9.\"\n      }\n    }\n  ]\n}\n<\/script>\n\n\n\n<hr class=\"wp-block-separator has-alpha-channel-opacity is-style-default\" style=\"margin-top:var(--wp--preset--spacing--50)\"\/>\n","protected":false},"excerpt":{"rendered":"<p>Gang Bang Barcelona : Rencontres Priv\u00e9es de Sexe en Groupe Bienvenue chez SexCitante, le lieu de r\u00e9f\u00e9rence pour le sexe en groupe exclusif dans la ville. Notre sp\u00e9cialit\u00e9 est l\u2019organisation d\u2019\u00e9v\u00e9nements de gang bang \u00e0 Barcelona, minutieusement con\u00e7us pour ceux qui recherchent une exp\u00e9rience de haute qualit\u00e9, discr\u00e8te et totalement s\u00e9curis\u00e9e dans des lieux privil\u00e9gi\u00e9s [&hellip;]<\/p>\n","protected":false},"author":1,"featured_media":0,"parent":0,"menu_order":0,"comment_status":"closed","ping_status":"closed","template":"page-no-title","meta":{"footnotes":""},"class_list":["post-4","page","type-page","status-publish","hentry"],"_links":{"self":[{"href":"https:\/\/www.sexcitante.com\/fr\/wp-json\/wp\/v2\/pages\/4","targetHints":{"allow":["GET"]}}],"collection":[{"href":"https:\/\/www.sexcitante.com\/fr\/wp-json\/wp\/v2\/pages"}],"about":[{"href":"https:\/\/www.sexcitante.com\/fr\/wp-json\/wp\/v2\/types\/page"}],"author":[{"embeddable":true,"href":"https:\/\/www.sexcitante.com\/fr\/wp-json\/wp\/v2\/users\/1"}],"replies":[{"embeddable":true,"href":"https:\/\/www.sexcitante.com\/fr\/wp-json\/wp\/v2\/comments?post=4"}],"version-history":[{"count":13,"href":"https:\/\/www.sexcitante.com\/fr\/wp-json\/wp\/v2\/pages\/4\/revisions"}],"predecessor-version":[{"id":97,"href":"https:\/\/www.sexcitante.com\/fr\/wp-json\/wp\/v2\/pages\/4\/revisions\/97"}],"wp:attachment":[{"href":"https:\/\/www.sexcitante.com\/fr\/wp-json\/wp\/v2\/media?parent=4"}],"curies":[{"name":"wp","href":"https:\/\/api.w.org\/{rel}","templated":true}]}}