{"id":44,"date":"2026-02-19T01:27:13","date_gmt":"2026-02-19T01:27:13","guid":{"rendered":"https:\/\/www.sexcitante.com\/fr\/?page_id=44"},"modified":"2026-03-15T01:08:49","modified_gmt":"2026-03-15T01:08:49","slug":"bukkake-barcelone","status":"publish","type":"page","link":"https:\/\/www.sexcitante.com\/fr\/bukkake-barcelone\/","title":{"rendered":"Bukkake Barcelone"},"content":{"rendered":"\n<div class=\"wp-block-group alignfull has-global-padding is-layout-constrained wp-block-group-is-layout-constrained\" style=\"margin-top:0;margin-bottom:0;padding-top:var(--wp--preset--spacing--50);padding-bottom:var(--wp--preset--spacing--50)\">\n<div class=\"wp-block-columns alignwide is-layout-flex wp-container-core-columns-is-layout-fa584acd wp-block-columns-is-layout-flex\">\n<div class=\"wp-block-column is-vertically-aligned-center is-layout-flow wp-block-column-is-layout-flow\">\n<h1 class=\"wp-block-heading has-xx-large-font-size\" style=\"font-style:normal;font-weight:700\">Bukkake \u00e0 Barcelone : \u00c9v\u00e9nements Priv\u00e9s de Sexe en Groupe<\/h1>\n\n\n\n<p class=\"has-large-font-size\">Chez <strong>SexCitante<\/strong>, nous organisons des \u00e9v\u00e9nements de <strong>bukkake<\/strong> \u00e0 <strong>Barcelone<\/strong> dans le cadre de nos exp\u00e9riences de <strong>sexe en groupe<\/strong> pour adultes. Tout se d\u00e9roule dans un cadre priv\u00e9, consenti et structur\u00e9, o\u00f9 chaque personne conna\u00eet son r\u00f4le et o\u00f9 les limites sont claires d\u00e8s le d\u00e9part.<\/p>\n\n\n\n<p class=\"is-style-text-annotation has-base-color has-contrast-background-color has-text-color has-background has-link-color has-large-font-size wp-elements-d7c985b7e0d1abc5d079e7403fea0e11 is-style-text-annotation--1\" style=\"border-radius:0px;padding-top:var(--wp--preset--spacing--20);padding-right:var(--wp--preset--spacing--30);padding-bottom:var(--wp--preset--spacing--20);padding-left:var(--wp--preset--spacing--30);font-style:normal;font-weight:600\">hola@sexcitante.com<\/p>\n\n\n\n<p class=\"has-medium-font-size\">Si vous souhaitez participer, \u00e9crivez-nous. <strong>Veillez \u00e0 inclure une courte pr\u00e9sentation sur vous et votre int\u00e9r\u00eat<\/strong>. Vous pouvez \u00e9galement visiter notre <strong><a href=\"https:\/\/www.sexcitante.com\/fr\/contact\/\" data-type=\"page\" data-id=\"54\">page de Contact<\/a><\/strong>.<\/p>\n<\/div>\n\n\n\n<div class=\"wp-block-column is-vertically-aligned-center is-layout-flow wp-block-column-is-layout-flow\">\n<figure class=\"wp-block-image size-full\"><img decoding=\"async\" src=\"https:\/\/www.sexcitante.com\/wp-content\/uploads\/2026\/02\/experiencia-bukkake-barcelona-exclusiva.webp\" alt=\"Exp\u00e9rience de bukkake exclusive \u00e0 Barcelone : sexe en groupe s\u00fbr et organis\u00e9.\" class=\"wp-image-816\" style=\"aspect-ratio:1;object-fit:cover\"\/><\/figure>\n<\/div>\n<\/div>\n<\/div>\n\n\n\n<div class=\"wp-block-group alignwide has-global-padding is-layout-constrained wp-block-group-is-layout-constrained\">\n<h2 class=\"wp-block-heading has-text-align-center\" style=\"font-style:normal;font-weight:700\">Qu&rsquo;est-ce qu&rsquo;un Bukkake et comment l&rsquo;abordons-nous ?<\/h2>\n\n\n\n<div class=\"wp-block-columns alignwide is-style-section-1 has-accent-5-background-color has-background has-medium-font-size is-layout-flex wp-container-core-columns-is-layout-b653aba5 wp-block-columns-is-layout-flex is-style-section-1--2\" style=\"padding-top:var(--wp--preset--spacing--50);padding-right:var(--wp--preset--spacing--50);padding-bottom:var(--wp--preset--spacing--50);padding-left:var(--wp--preset--spacing--50)\">\n<div class=\"wp-block-column is-layout-flow wp-block-column-is-layout-flow\">\n<p>Nos \u00e9v\u00e9nements de <strong>bukkake<\/strong> sont centr\u00e9s sur une ou plusieurs h\u00f4tesses qui participent volontairement dans une dynamique de groupe organis\u00e9e. Contrairement \u00e0 ce que l\u2019on voit dans le <strong>porno<\/strong>, ici tout est envisag\u00e9 dans le respect mutuel, le confort et le consentement. Il n\u2019y a ni spectacle ni pressions ext\u00e9rieures, mais une exp\u00e9rience intime et soign\u00e9e de <strong>sexe en groupe<\/strong>.<\/p>\n<\/div>\n\n\n\n<div class=\"wp-block-column is-layout-flow wp-block-column-is-layout-flow\">\n<p>L\u2019ambiance est d\u00e9tendue, discr\u00e8te et exempte d\u2019attitudes invasives. Tous les participants connaissent \u00e0 l\u2019avance la structure de la rencontre et y participent avec une attitude claire et collaborative. L\u2019accent n\u2019est pas mis sur la quantit\u00e9, mais sur la qualit\u00e9 de l\u2019interaction, en coh\u00e9rence avec la philosophie g\u00e9n\u00e9rale de nos \u00e9v\u00e9nements \u00e0 <strong>Barcelone<\/strong>.<\/p>\n<\/div>\n<\/div>\n<\/div>\n\n\n\n<div class=\"wp-block-group alignfull has-global-padding is-layout-constrained wp-container-core-group-is-layout-ebee8dc1 wp-block-group-is-layout-constrained\" style=\"margin-top:0;margin-bottom:0;padding-top:var(--wp--preset--spacing--50);padding-bottom:var(--wp--preset--spacing--50)\">\n<h2 class=\"wp-block-heading has-text-align-center\" style=\"font-style:normal;font-weight:700\">Comment fonctionnent nos \u00e9v\u00e9nements Bukkake ?<\/h2>\n\n\n\n<div class=\"wp-block-columns alignwide is-layout-flex wp-container-core-columns-is-layout-28f84493 wp-block-columns-is-layout-flex\">\n<div class=\"wp-block-column is-layout-flow wp-block-column-is-layout-flow\">\n<figure class=\"wp-block-image size-full has-custom-border\" style=\"margin-bottom:24px\"><img decoding=\"async\" src=\"https:\/\/www.sexcitante.com\/wp-content\/uploads\/2026\/02\/reunion-bukkake-barcelona-poblenou.webp\" alt=\"\u00c9v\u00e9nement bukkake \u00e0 Poblenou, Barcelone : rencontre discr\u00e8te dans un cadre professionnel.\" class=\"wp-image-818\" style=\"border-width:1px;aspect-ratio:4\/3;object-fit:contain\"\/><\/figure>\n\n\n\n<h3 class=\"wp-block-heading\">Format et organisation<\/h3>\n\n\n\n<p class=\"has-medium-font-size\">Chaque rencontre de <strong>bukkake<\/strong> est organis\u00e9e \u00e0 l\u2019avance, en maintenant un \u00e9quilibre des profils et en \u00e9tablissant clairement les dynamiques. Le nombre de participants est adapt\u00e9 \u00e0 ce qui a \u00e9t\u00e9 convenu, garantissant un environnement s\u00fbr et sans exc\u00e8s.<\/p>\n<\/div>\n\n\n\n<div class=\"wp-block-column is-layout-flow wp-block-column-is-layout-flow\">\n<figure class=\"wp-block-image size-full has-custom-border\" style=\"margin-bottom:24px\"><img decoding=\"async\" src=\"https:\/\/www.sexcitante.com\/wp-content\/uploads\/2026\/02\/bukkake-barcelona-protocolo-privacidad.webp\" alt=\"Protocole strict de confidentialit\u00e9 et interdiction des cam\u00e9ras lors des rencontres bukkake.\" class=\"wp-image-815\" style=\"border-width:1px;aspect-ratio:4\/3;object-fit:contain\"\/><\/figure>\n\n\n\n<h3 class=\"wp-block-heading\">Profil des participants<\/h3>\n\n\n\n<p class=\"has-medium-font-size\">Peuvent participer des personnes seules ou en couple, toujours majeures de 18 ans, int\u00e9ress\u00e9es \u00e0 explorer le <strong>sexe en groupe<\/strong> de mani\u00e8re honn\u00eate et sans mise en sc\u00e8ne. Tous les profils passent par un processus de v\u00e9rification de base pour pr\u00e9server la qualit\u00e9 et la discr\u00e9tion.<\/p>\n<\/div>\n\n\n\n<div class=\"wp-block-column is-layout-flow wp-block-column-is-layout-flow\">\n<figure class=\"wp-block-image size-full has-custom-border\" style=\"margin-bottom:24px\"><img decoding=\"async\" src=\"https:\/\/www.sexcitante.com\/wp-content\/uploads\/2026\/02\/fechas-bukkake-barcelona-marzo-2026.webp\" alt=\"Prochains \u00e9v\u00e9nements bukkake \u00e0 Barcelone : calendrier mis \u00e0 jour 2026.\" class=\"wp-image-817\" style=\"border-width:1px;aspect-ratio:4\/3;object-fit:contain\"\/><\/figure>\n\n\n\n<h3 class=\"wp-block-heading\">Lieux et confidentialit\u00e9<\/h3>\n\n\n\n<p class=\"has-medium-font-size\">Les \u00e9v\u00e9nements ont lieu dans des lieux priv\u00e9s \u00e0 <strong>Barcelone<\/strong>, am\u00e9nag\u00e9s pour offrir intimit\u00e9, hygi\u00e8ne et confort. La discr\u00e9tion est absolue et la pr\u00e9sence de public ext\u00e9rieur ou d\u2019enregistrements non autoris\u00e9s est interdite.<\/p>\n<\/div>\n<\/div>\n<\/div>\n\n\n\n<div class=\"wp-block-group alignwide has-global-padding is-layout-constrained wp-block-group-is-layout-constrained\">\n<h2 class=\"wp-block-heading has-text-align-center\" style=\"font-style:normal;font-weight:700\">Rejoignez la communaut\u00e9 SexCitante : Sexe en Groupe S\u00fbr \u00e0 Barcelone<\/h2>\n\n\n\n<div class=\"wp-block-columns alignwide has-medium-font-size is-layout-flex wp-container-core-columns-is-layout-28f84493 wp-block-columns-is-layout-flex\">\n<div class=\"wp-block-column is-style-section-1 has-large-font-size is-layout-flow wp-block-column-is-layout-flow is-style-section-1--3\" style=\"padding-top:var(--wp--preset--spacing--50);padding-right:var(--wp--preset--spacing--50);padding-bottom:var(--wp--preset--spacing--50);padding-left:var(--wp--preset--spacing--50)\">\n<h3 class=\"wp-block-heading has-text-align-center has-large-font-size\"><strong>Avantages de participer \u00e0 la communaut\u00e9 :<\/strong><\/h3>\n\n\n\n<ul class=\"wp-block-list is-style-checkmark-list has-medium-font-size\">\n<li>Acc\u00e8s \u00e0 des \u00e9v\u00e9nements de <strong><a href=\"https:\/\/www.sexcitante.com\/fr\/\" data-type=\"page\" data-id=\"4\">gang-bang<\/a><\/strong>, <strong>bukkake<\/strong> et autres formats de <strong>sexe en groupe<\/strong> \u00e0 <strong>Barcelone<\/strong>.<\/li>\n\n\n\n<li>R\u00e9seau <strong>priv\u00e9<\/strong> pour adultes aux int\u00e9r\u00eats similaires.<\/li>\n\n\n\n<li><strong>Discr\u00e9tion<\/strong>, <strong>s\u00e9curit\u00e9<\/strong> et <strong>confidentialit\u00e9<\/strong> \u00e0 tout moment.<\/li>\n\n\n\n<li>Espaces adapt\u00e9s pour <strong>explorer vos d\u00e9sirs<\/strong> dans un environnement sans pression ni exhibitionnisme.<\/li>\n<\/ul>\n\n\n\n<div class=\"wp-block-buttons is-layout-flex wp-block-buttons-is-layout-flex\" style=\"margin-top:var(--wp--preset--spacing--40)\">\n<div class=\"wp-block-button has-custom-width wp-block-button__width-100\"><a class=\"wp-block-button__link has-contrast-background-color has-background wp-element-button\" href=\"https:\/\/www.sexcitante.com\/contacto\/\" style=\"border-radius:0px;font-style:normal;font-weight:1000;text-transform:uppercase\">Je veux rejoindre \u2192<\/a><\/div>\n<\/div>\n<\/div>\n\n\n\n<div class=\"wp-block-column is-style-section-1 is-layout-flow wp-block-column-is-layout-flow is-style-section-1--4\" style=\"padding-top:var(--wp--preset--spacing--50);padding-right:var(--wp--preset--spacing--50);padding-bottom:var(--wp--preset--spacing--50);padding-left:var(--wp--preset--spacing--50)\">\n<h3 class=\"wp-block-heading has-text-align-center has-large-font-size\"><strong>R\u00e8gles de base de SexCitante<\/strong><\/h3>\n\n\n\n<ul class=\"wp-block-list\">\n<li>Uniquement les plus de 18 ans et apr\u00e8s v\u00e9rification pr\u00e9alable.<\/li>\n\n\n\n<li>Tout doit \u00eatre <strong>consenti<\/strong> de mani\u00e8re claire et verbale.<\/li>\n\n\n\n<li>Interdiction des enregistrements, drogues et comportements irrespectueux.<\/li>\n\n\n\n<li>Pas de nourriture ni boisson personnelle autoris\u00e9e ; tout s\u2019ach\u00e8te sur place.<\/li>\n\n\n\n<li>Respectez la discr\u00e9tion avant, pendant et apr\u00e8s l\u2019\u00e9v\u00e9nement.<\/li>\n\n\n\n<li>La contribution couvre uniquement les frais d\u2019organisation.<\/li>\n<\/ul>\n\n\n\n<p>Vous pouvez consulter les <a href=\"https:\/\/www.sexcitante.com\/fr\/regles-de-la-communaute\/\" data-type=\"page\" data-id=\"57\">r\u00e8gles compl\u00e8tes ici<\/a>.<\/p>\n<\/div>\n<\/div>\n<\/div>\n\n\n\n<div class=\"wp-block-group has-global-padding is-layout-constrained wp-block-group-is-layout-constrained\">\n<h2 class=\"wp-block-heading has-text-align-center\" style=\"margin-top:var(--wp--preset--spacing--50);margin-bottom:var(--wp--preset--spacing--50);font-style:normal;font-weight:700\">Questions fr\u00e9quentes sur le Bukkake \u00e0 Barcelone<\/h2>\n\n\n\n<h3 class=\"wp-block-heading\" style=\"font-style:normal;font-weight:700\">Comment participer \u00e0 un \u00e9v\u00e9nement bukkake \u00e0 Barcelone ?<\/h3>\n\n\n\n<p>Pour assister \u00e0 nos rencontres de <strong>mars 2026<\/strong>, il est n\u00e9cessaire d\u2019envoyer une courte pr\u00e9sentation par e-mail. Nous s\u00e9lectionnons des profils qui valorisent une exp\u00e9rience authentique et respectueuse, en maintenant toujours les standards de qualit\u00e9 de notre communaut\u00e9.<\/p>\n\n\n\n<h3 class=\"wp-block-heading\" style=\"font-style:normal;font-weight:700\">O\u00f9 ces rencontres de sexe en groupe sont-elles organis\u00e9es ?<\/h3>\n\n\n\n<p>Les \u00e9v\u00e9nements se d\u00e9roulent dans des lieux priv\u00e9s et discrets dans des quartiers comme <strong>L&rsquo;Eixample<\/strong> ou <strong>Poblenou<\/strong>. Pour des raisons de <strong>confidentialit\u00e9<\/strong>, l\u2019adresse exacte est communiqu\u00e9e uniquement aux membres confirm\u00e9s apr\u00e8s validation de leur demande.<\/p>\n\n\n\n<h3 class=\"wp-block-heading\" style=\"font-style:normal;font-weight:700\">Quelles mesures d\u2019hygi\u00e8ne et de sant\u00e9 sexuelle sont appliqu\u00e9es ?<\/h3>\n\n\n\n<p>L\u2019hygi\u00e8ne est une priorit\u00e9. Nous garantissons un environnement impeccable et fournissons gratuitement du mat\u00e9riel prophylactique haut de gamme. Toutes les dynamiques sont structur\u00e9es pour assurer le maximum de bien-\u00eatre et de confort des participants.<\/p>\n\n\n\n<h3 class=\"wp-block-heading\" style=\"font-style:normal;font-weight:700\">Faut-il avoir une exp\u00e9rience pr\u00e9alable ?<\/h3>\n\n\n\n<p>Ce n\u2019est pas obligatoire, mais le respect strict de nos r\u00e8gles de conduite est imp\u00e9ratif. Nous recherchons des personnes qui valorisent la <strong>discr\u00e9tion absolue<\/strong>, le respect mutuel et le consentement verbal explicite \u00e0 tout moment.<\/p>\n<\/div>\n\n\n\n<hr class=\"wp-block-separator has-alpha-channel-opacity\" style=\"margin-top:var(--wp--preset--spacing--50)\"\/>\n\n\n\n<script type=\"application\/ld+json\">\n{\n  \"@context\": \"https:\/\/schema.org\",\n  \"@type\": \"FAQPage\",\n  \"mainEntity\": [\n    {\n      \"@type\": \"Question\",\n      \"name\": \"Comment participer \u00e0 un \u00e9v\u00e9nement bukkake \u00e0 Barcelone ?\",\n      \"acceptedAnswer\": {\n        \"@type\": \"Answer\",\n        \"text\": \"Pour assister \u00e0 nos rencontres de mars 2026, il est n\u00e9cessaire d\u2019envoyer une courte pr\u00e9sentation par e-mail. Nous s\u00e9lectionnons des profils qui valorisent une exp\u00e9rience authentique et respectueuse, en maintenant toujours les standards de qualit\u00e9 de notre communaut\u00e9.\"\n      }\n    },\n    {\n      \"@type\": \"Question\",\n      \"name\": \"O\u00f9 ces rencontres de sexe en groupe sont-elles organis\u00e9es ?\",\n      \"acceptedAnswer\": {\n        \"@type\": \"Answer\",\n        \"text\": \"Les \u00e9v\u00e9nements se d\u00e9roulent dans des lieux priv\u00e9s et discrets dans des quartiers comme L'Eixample ou Poblenou. Pour des raisons de confidentialit\u00e9, l\u2019adresse exacte est communiqu\u00e9e uniquement aux membres confirm\u00e9s apr\u00e8s validation de leur demande.\"\n      }\n    },\n    {\n      \"@type\": \"Question\",\n      \"name\": \"Quelles mesures d\u2019hygi\u00e8ne et de sant\u00e9 sexuelle sont appliqu\u00e9es ?\",\n      \"acceptedAnswer\": {\n        \"@type\": \"Answer\",\n        \"text\": \"L\u2019hygi\u00e8ne est une priorit\u00e9. Nous garantissons un environnement impeccable et fournissons gratuitement du mat\u00e9riel prophylactique haut de gamme. Toutes les dynamiques sont structur\u00e9es pour assurer le maximum de bien-\u00eatre et de confort des participants.\"\n      }\n    },\n    {\n      \"@type\": \"Question\",\n      \"name\": \"Faut-il avoir une exp\u00e9rience pr\u00e9alable ?\",\n      \"acceptedAnswer\": {\n        \"@type\": \"Answer\",\n        \"text\": \"Ce n\u2019est pas obligatoire, mais le respect strict de nos r\u00e8gles de conduite est imp\u00e9ratif. Nous recherchons des personnes qui valorisent la discr\u00e9tion absolue, le respect mutuel et le consentement verbal explicite \u00e0 tout moment.\"\n      }\n    }\n  ]\n}\n<\/script>\n","protected":false},"excerpt":{"rendered":"<p>Bukkake \u00e0 Barcelone : \u00c9v\u00e9nements Priv\u00e9s de Sexe en Groupe Chez SexCitante, nous organisons des \u00e9v\u00e9nements de bukkake \u00e0 Barcelone dans le cadre de nos exp\u00e9riences de sexe en groupe pour adultes. Tout se d\u00e9roule dans un cadre priv\u00e9, consenti et structur\u00e9, o\u00f9 chaque personne conna\u00eet son r\u00f4le et o\u00f9 les limites sont claires d\u00e8s [&hellip;]<\/p>\n","protected":false},"author":1,"featured_media":0,"parent":0,"menu_order":0,"comment_status":"closed","ping_status":"closed","template":"page-no-title","meta":{"footnotes":""},"class_list":["post-44","page","type-page","status-publish","hentry"],"_links":{"self":[{"href":"https:\/\/www.sexcitante.com\/fr\/wp-json\/wp\/v2\/pages\/44","targetHints":{"allow":["GET"]}}],"collection":[{"href":"https:\/\/www.sexcitante.com\/fr\/wp-json\/wp\/v2\/pages"}],"about":[{"href":"https:\/\/www.sexcitante.com\/fr\/wp-json\/wp\/v2\/types\/page"}],"author":[{"embeddable":true,"href":"https:\/\/www.sexcitante.com\/fr\/wp-json\/wp\/v2\/users\/1"}],"replies":[{"embeddable":true,"href":"https:\/\/www.sexcitante.com\/fr\/wp-json\/wp\/v2\/comments?post=44"}],"version-history":[{"count":5,"href":"https:\/\/www.sexcitante.com\/fr\/wp-json\/wp\/v2\/pages\/44\/revisions"}],"predecessor-version":[{"id":96,"href":"https:\/\/www.sexcitante.com\/fr\/wp-json\/wp\/v2\/pages\/44\/revisions\/96"}],"wp:attachment":[{"href":"https:\/\/www.sexcitante.com\/fr\/wp-json\/wp\/v2\/media?parent=44"}],"curies":[{"name":"wp","href":"https:\/\/api.w.org\/{rel}","templated":true}]}}