{"id":54,"date":"2026-02-19T01:35:32","date_gmt":"2026-02-19T01:35:32","guid":{"rendered":"https:\/\/www.sexcitante.com\/fr\/?page_id=54"},"modified":"2026-02-19T22:51:56","modified_gmt":"2026-02-19T22:51:56","slug":"contact","status":"publish","type":"page","link":"https:\/\/www.sexcitante.com\/fr\/contact\/","title":{"rendered":"Contact"},"content":{"rendered":"\n<div class=\"wp-block-group alignfull has-global-padding is-layout-constrained wp-block-group-is-layout-constrained\" style=\"margin-top:0;margin-bottom:0;padding-top:var(--wp--preset--spacing--50);padding-bottom:var(--wp--preset--spacing--50)\">\n<div class=\"wp-block-columns alignwide is-layout-flex wp-container-core-columns-is-layout-fa584acd wp-block-columns-is-layout-flex\">\n<div class=\"wp-block-column is-vertically-aligned-center is-layout-flow wp-block-column-is-layout-flow\">\n<h1 class=\"wp-block-heading has-text-align-center has-xx-large-font-size\" style=\"font-style:normal;font-weight:700\">Contact et Inscription : SexCitante Barcelone<\/h1>\n<\/div>\n<\/div>\n<\/div>\n\n\n<p class=\"has-medium-font-size\"><strong>SexCitante<\/strong> est une initiative priv\u00e9e n\u00e9e \u00e0 <strong>Barcelone<\/strong>, destin\u00e9e aux adultes int\u00e9ress\u00e9s par l\u2019exploration du sexe en groupe dans un cadre r\u00e9el, consenti et sans jugement.<\/p>\n\n\n<p class=\"has-medium-font-size\">Nous ne sommes pas un club nocturne : nous organisons des rencontres s\u00e9lectionn\u00e9es, r\u00e9currentes, \u00e0 jauge contr\u00f4l\u00e9e, centr\u00e9es sur le respect mutuel, la discr\u00e9tion et l\u2019affinit\u00e9.<\/p>\n\n\n<p class=\"has-medium-font-size\">Nous croyons en une sexualit\u00e9 v\u00e9cue dans la libert\u00e9, mais avec une structure. Nos \u00e9v\u00e9nements \u2014<strong>gang bangs, bukkakes, orgies<\/strong>\u2014 se d\u00e9roulent dans des espaces priv\u00e9s et s\u00e9curis\u00e9s, avec des r\u00e8gles claires et des participants v\u00e9rifi\u00e9s. Pas d\u2019improvisation ni de zones grises : chaque d\u00e9tail est soign\u00e9 pour que chaque participant sache exactement \u00e0 quoi s\u2019attendre et avec qui il partagera l\u2019exp\u00e9rience.<\/p>\n\n\n<div style=\"height:25px\" aria-hidden=\"true\" class=\"wp-block-spacer\"><\/div>\n\n\n<div class=\"wp-block-group alignwide has-global-padding is-layout-constrained wp-block-group-is-layout-constrained\">\n<div class=\"wp-block-columns alignwide has-medium-font-size is-layout-flex wp-container-core-columns-is-layout-28f84493 wp-block-columns-is-layout-flex\">\n<div class=\"wp-block-column is-style-section-1 has-large-font-size is-layout-flow wp-block-column-is-layout-flow is-style-section-1--1\" style=\"padding-top:var(--wp--preset--spacing--50);padding-right:var(--wp--preset--spacing--50);padding-bottom:var(--wp--preset--spacing--50);padding-left:var(--wp--preset--spacing--50)\">\n<p class=\"has-text-align-left has-large-font-size\"><strong>Si vous souhaitez recevoir des informations sur les prochains \u00e9v\u00e9nements, participer ou r\u00e9soudre toute question, vous pouvez nous \u00e9crire \u00e0 l\u2019adresse e-mail suivante :<\/strong><\/p>\n\n\n<p class=\"is-style-text-annotation has-base-color has-contrast-background-color has-text-color has-background has-link-color has-large-font-size wp-elements-454ad6263c2d6a5730a32044a161dbd1 is-style-text-annotation--2\" style=\"border-radius:0px;padding-top:var(--wp--preset--spacing--20);padding-right:var(--wp--preset--spacing--30);padding-bottom:var(--wp--preset--spacing--20);padding-left:var(--wp--preset--spacing--30);font-style:normal;font-weight:700\"><a href=\"mailto:hola@sexcitante.com\">hola@sexcitante.com<\/a><\/p>\n\n\n<p><strong>Veillez \u00e0 inclure une courte pr\u00e9sentation sur vous et votre int\u00e9r\u00eat<\/strong>.<\/p>\n<\/div>\n\n\n<div class=\"wp-block-column is-style-section-1 is-layout-flow wp-block-column-is-layout-flow is-style-section-1--3\" style=\"padding-top:var(--wp--preset--spacing--50);padding-right:var(--wp--preset--spacing--50);padding-bottom:var(--wp--preset--spacing--50);padding-left:var(--wp--preset--spacing--50)\">\n<h3 class=\"wp-block-heading has-text-align-left has-large-font-size\" style=\"text-transform:uppercase\">Important<strong> :<\/strong><\/h3>\n\n\n<ul class=\"wp-block-list\">\n<li>Nous r\u00e9pondons uniquement aux personnes majeures de 18 ans.<\/li>\n\n\n<li>Nous ne partageons aucune information avec des tiers.<\/li>\n\n\n<li>Il n\u2019y a pas de liste publique ni de plateforme ouverte. Chaque demande est trait\u00e9e individuellement.<\/li>\n\n\n<li>Si vous avez d\u00e9j\u00e0 particip\u00e9 \u00e0 l\u2019un de nos \u00e9v\u00e9nements, vous pouvez indiquer votre alias ou l\u2019e-mail d\u2019acc\u00e8s habituel pour acc\u00e9l\u00e9rer la communication.<\/li>\n<\/ul>\n\n\n<p>Consultez notre <a href=\"https:\/\/www.sexcitante.com\/politica-de-privacidad\/\" data-type=\"page\" data-id=\"3\">Politique de Confidentialit\u00e9<\/a> pour plus d\u2019informations sur le traitement des donn\u00e9es conform\u00e9ment au RGPD.<\/p>\n<\/div>\n<\/div>\n<\/div>\n\n\n<script type=\"application\/ld+json\">\n{\n  \"@context\": \"https:\/\/schema.org\",\n  \"@type\": \"ContactPage\",\n  \"mainEntity\": {\n    \"@type\": \"Organization\",\n    \"name\": \"SexCitante\",\n    \"url\": \"https:\/\/www.sexcitante.com\/\",\n    \"logo\": \"https:\/\/www.sexcitante.com\/wp-content\/uploads\/2025\/07\/cropped-favicon.png\",\n    \"contactPoint\": {\n      \"@type\": \"ContactPoint\",\n      \"email\": \"hola@sexcitante.com\",\n      \"contactType\": \"customer service\",\n      \"areaServed\": \"Barcelone\",\n      \"availableLanguage\": \"Fran\u00e7ais, Espagnol\"\n    }\n  }\n}\n<\/script>\n","protected":false},"excerpt":{"rendered":"<p>Contact et Inscription : SexCitante Barcelone SexCitante est une initiative priv\u00e9e n\u00e9e \u00e0 Barcelone, destin\u00e9e aux adultes int\u00e9ress\u00e9s par l\u2019exploration du sexe en groupe dans un cadre r\u00e9el, consenti et sans jugement. Nous ne sommes pas un club nocturne : nous organisons des rencontres s\u00e9lectionn\u00e9es, r\u00e9currentes, \u00e0 jauge contr\u00f4l\u00e9e, centr\u00e9es sur le respect mutuel, la [&hellip;]<\/p>\n","protected":false},"author":1,"featured_media":0,"parent":0,"menu_order":0,"comment_status":"closed","ping_status":"closed","template":"page-no-title","meta":{"footnotes":""},"class_list":["post-54","page","type-page","status-publish","hentry"],"_links":{"self":[{"href":"https:\/\/www.sexcitante.com\/fr\/wp-json\/wp\/v2\/pages\/54","targetHints":{"allow":["GET"]}}],"collection":[{"href":"https:\/\/www.sexcitante.com\/fr\/wp-json\/wp\/v2\/pages"}],"about":[{"href":"https:\/\/www.sexcitante.com\/fr\/wp-json\/wp\/v2\/types\/page"}],"author":[{"embeddable":true,"href":"https:\/\/www.sexcitante.com\/fr\/wp-json\/wp\/v2\/users\/1"}],"replies":[{"embeddable":true,"href":"https:\/\/www.sexcitante.com\/fr\/wp-json\/wp\/v2\/comments?post=54"}],"version-history":[{"count":2,"href":"https:\/\/www.sexcitante.com\/fr\/wp-json\/wp\/v2\/pages\/54\/revisions"}],"predecessor-version":[{"id":56,"href":"https:\/\/www.sexcitante.com\/fr\/wp-json\/wp\/v2\/pages\/54\/revisions\/56"}],"wp:attachment":[{"href":"https:\/\/www.sexcitante.com\/fr\/wp-json\/wp\/v2\/media?parent=54"}],"curies":[{"name":"wp","href":"https:\/\/api.w.org\/{rel}","templated":true}]}}