{"id":57,"date":"2026-02-19T01:39:19","date_gmt":"2026-02-19T01:39:19","guid":{"rendered":"https:\/\/www.sexcitante.com\/fr\/?page_id=57"},"modified":"2026-02-19T23:07:33","modified_gmt":"2026-02-19T23:07:33","slug":"regles-de-la-communaute","status":"publish","type":"page","link":"https:\/\/www.sexcitante.com\/fr\/regles-de-la-communaute\/","title":{"rendered":"R\u00e8gles de la Communaut\u00e9"},"content":{"rendered":"\n<div class=\"wp-block-group alignfull has-global-padding is-layout-constrained wp-block-group-is-layout-constrained\" style=\"margin-top:0;margin-bottom:0\">\n<div class=\"wp-block-group alignwide is-layout-flow wp-container-core-group-is-layout-1e84c2b1 wp-block-group-is-layout-flow\" style=\"padding-top:var(--wp--preset--spacing--50);padding-bottom:0\">\n<h1 class=\"wp-block-heading has-x-large-font-size\"><strong>R\u00e8gles de SexCitante<\/strong><\/h1>\n\n\n<h2 class=\"wp-block-heading is-style-text-subtitle is-style-text-subtitle--1\"><strong>Code de conduite et engagement de convivialit\u00e9 pour notre communaut\u00e9 priv\u00e9e.<\/strong><\/h2>\n\n\n<h3 class=\"wp-block-heading has-large-font-size\"><strong>1. Inscription et participation<\/strong><\/h3>\n\n\n<p style=\"margin-top:var(--wp--preset--spacing--20);margin-bottom:var(--wp--preset--spacing--20)\">Pour participer \u00e0 nos soir\u00e9es priv\u00e9es \u00e0 Barcelone, il est indispensable de <strong>s\u2019inscrire pr\u00e9alablement en tant que membre<\/strong> en envoyant un e-mail \u00e0 hola@sexcitante.com. Les places sont <strong>limit\u00e9es<\/strong>, exclusives aux <strong>majeurs de 18 ans<\/strong> et soumises \u00e0 une <strong>v\u00e9rification<\/strong> pour garantir la s\u00e9curit\u00e9 de tous. \u00c9vitez les annulations de derni\u00e8re minute et respectez la <strong>discr\u00e9tion<\/strong> \u00e0 l\u2019arriv\u00e9e et au d\u00e9part du lieu.<\/p>\n\n\n<h3 class=\"wp-block-heading has-large-font-size\">2. <strong>Consentement et convivialit\u00e9<\/strong><\/h3>\n\n\n<p style=\"margin-top:var(--wp--preset--spacing--20);margin-bottom:var(--wp--preset--spacing--20)\">Toutes les activit\u00e9s doivent \u00eatre <strong>clairement consenties<\/strong>. Le <strong>consentement verbal est obligatoire<\/strong> avant toute interaction physique. Traitez chaque participant avec respect et \u00e9coutez ses limites. Tout comportement de harc\u00e8lement ou de pression est <strong>strictement interdit<\/strong> ; cela entra\u00eene une <strong>expulsion imm\u00e9diate et d\u00e9finitive<\/strong> de notre communaut\u00e9.<\/p>\n\n\n<h3 class=\"wp-block-heading has-large-font-size\"><strong>3. \u00c9quilibre et camaraderie<\/strong><\/h3>\n\n\n<p style=\"margin-top:var(--wp--preset--spacing--20);margin-bottom:var(--wp--preset--spacing--20)\">Nos \u00e9v\u00e9nements visent \u00e0 \u00eatre \u00e9quitables et harmonieux. \u00c9vitez de monopoliser l\u2019attention et contribuez \u00e0 une exp\u00e9rience fluide. Si vous constatez une situation qui ne correspond pas \u00e0 ces r\u00e8gles, <strong>contactez discr\u00e8tement l\u2019\u00e9quipe<\/strong>.<\/p>\n\n\n<h3 class=\"wp-block-heading has-large-font-size\"><strong>4. Contribution<\/strong><\/h3>\n\n\n<p style=\"margin-top:var(--wp--preset--spacing--20);margin-bottom:var(--wp--preset--spacing--20)\">La participation n\u00e9cessite une <strong>contribution financi\u00e8re<\/strong> destin\u00e9e exclusivement \u00e0 la <strong>viabilit\u00e9 de l\u2019\u00e9v\u00e9nement<\/strong>. Cette contribution couvre la location du lieu, la logistique, la s\u00e9curit\u00e9 et la collaboration du personnel d\u2019accueil qui garantit l\u2019\u00e9quilibre de la soir\u00e9e. <strong>SexCitante agit uniquement en tant que gestionnaire de ces ressources<\/strong> pour ses membres.<\/p>\n\n\n<p style=\"margin-top:var(--wp--preset--spacing--20);margin-bottom:var(--wp--preset--spacing--20)\">La contribution <strong>ne garantit aucun type d\u2019interaction sexuelle<\/strong> : tout ce qui se passe entre les participants est strictement <strong>libre, volontaire et consenti<\/strong>. Aucun remboursement ne sera effectu\u00e9 en cas d\u2019abandon pr\u00e9matur\u00e9 ou d\u2019expulsion. Pour garantir la sant\u00e9 publique, l\u2019\u00e9v\u00e9nement <strong>fournit gratuitement du mat\u00e9riel de sant\u00e9 sexuelle haut de gamme<\/strong>.<\/p>\n\n\n<h3 class=\"wp-block-heading has-large-font-size\"><strong>5. Objets personnels<\/strong><\/h3>\n\n\n<p style=\"margin-top:var(--wp--preset--spacing--20);margin-bottom:var(--wp--preset--spacing--20)\">Apportez uniquement l\u2019essentiel. Nous ne sommes pas responsables des pertes ou vols.<\/p>\n\n\n<h3 class=\"wp-block-heading has-large-font-size\"><strong>6. Boissons et nourriture<\/strong><\/h3>\n\n\n<p style=\"margin-top:var(--wp--preset--spacing--20);margin-bottom:var(--wp--preset--spacing--20)\">L\u2019entr\u00e9e de nourriture ou boissons de l\u2019ext\u00e9rieur est interdite. Consommez avec <strong>mod\u00e9ration<\/strong> : l\u2019exc\u00e8s d\u2019alcool est un <strong>motif d\u2019expulsion<\/strong>, car il annule la capacit\u00e9 \u00e0 g\u00e9rer le consentement.<\/p>\n\n\n<h3 class=\"wp-block-heading has-large-font-size\"><strong>7. Substances et tabac<\/strong><\/h3>\n\n\n<p style=\"margin-top:var(--wp--preset--spacing--20);margin-bottom:var(--wp--preset--spacing--20)\"><strong>La consommation ou la possession de substances ill\u00e9gales n\u2019est pas tol\u00e9r\u00e9e<\/strong>. Il est interdit de fumer ou de m\u00e2cher du chewing-gum \u00e0 l\u2019int\u00e9rieur du lieu pour pr\u00e9server la propret\u00e9 et le bien-\u00eatre commun.<\/p>\n\n\n<h3 class=\"wp-block-heading has-large-font-size\"><strong>8. Appareils \u00e9lectroniques<\/strong><\/h3>\n\n\n<p style=\"margin-top:var(--wp--preset--spacing--20);margin-bottom:var(--wp--preset--spacing--20)\">Il est <strong>strictement interdit d\u2019enregistrer ou de photographier<\/strong>. Les appareils doivent rester <strong>\u00e9teints et rang\u00e9s<\/strong> dans les zones indiqu\u00e9es. La <strong>confidentialit\u00e9 est absolue<\/strong> ; toute tentative d\u2019enregistrement graphique entra\u00eene une <strong>expulsion d\u00e9finitive<\/strong>.<\/p>\n<\/div>\n\n\n<div class=\"wp-block-group is-style-section-1 has-global-padding is-layout-constrained wp-container-core-group-is-layout-987bdc33 wp-block-group-is-layout-constrained is-style-section-1--2\" style=\"margin-top:var(--wp--preset--spacing--50);margin-bottom:0;padding-top:var(--wp--preset--spacing--50);padding-right:var(--wp--preset--spacing--50);padding-bottom:var(--wp--preset--spacing--50);padding-left:var(--wp--preset--spacing--50)\">\n<p><strong>Note l\u00e9gale :<\/strong> SexCitante se r\u00e9serve le <strong>droit d\u2019admission et de permanence<\/strong>. L\u2019appartenance \u00e0 notre communaut\u00e9 priv\u00e9e est soumise \u00e0 la validation pr\u00e9alable de l\u2019\u00e9quipe organisatrice. Le non-respect de l\u2019une de ces r\u00e8gles, en particulier celles relatives au <strong>consentement et \u00e0 la confidentialit\u00e9<\/strong>, entra\u00eenera l\u2019expulsion imm\u00e9diate de l\u2019\u00e9v\u00e9nement et la r\u00e9vocation d\u00e9finitive du statut de membre.<\/p>\n<\/div>\n<\/div>\n","protected":false},"excerpt":{"rendered":"<p>R\u00e8gles de SexCitante Code de conduite et engagement de convivialit\u00e9 pour notre communaut\u00e9 priv\u00e9e. 1. Inscription et participation Pour participer \u00e0 nos soir\u00e9es priv\u00e9es \u00e0 Barcelone, il est indispensable de s\u2019inscrire pr\u00e9alablement en tant que membre en envoyant un e-mail \u00e0 hola@sexcitante.com. Les places sont limit\u00e9es, exclusives aux majeurs de 18 ans et soumises \u00e0 [&hellip;]<\/p>\n","protected":false},"author":1,"featured_media":0,"parent":0,"menu_order":0,"comment_status":"closed","ping_status":"closed","template":"page-no-title","meta":{"footnotes":""},"class_list":["post-57","page","type-page","status-publish","hentry"],"_links":{"self":[{"href":"https:\/\/www.sexcitante.com\/fr\/wp-json\/wp\/v2\/pages\/57","targetHints":{"allow":["GET"]}}],"collection":[{"href":"https:\/\/www.sexcitante.com\/fr\/wp-json\/wp\/v2\/pages"}],"about":[{"href":"https:\/\/www.sexcitante.com\/fr\/wp-json\/wp\/v2\/types\/page"}],"author":[{"embeddable":true,"href":"https:\/\/www.sexcitante.com\/fr\/wp-json\/wp\/v2\/users\/1"}],"replies":[{"embeddable":true,"href":"https:\/\/www.sexcitante.com\/fr\/wp-json\/wp\/v2\/comments?post=57"}],"version-history":[{"count":3,"href":"https:\/\/www.sexcitante.com\/fr\/wp-json\/wp\/v2\/pages\/57\/revisions"}],"predecessor-version":[{"id":60,"href":"https:\/\/www.sexcitante.com\/fr\/wp-json\/wp\/v2\/pages\/57\/revisions\/60"}],"wp:attachment":[{"href":"https:\/\/www.sexcitante.com\/fr\/wp-json\/wp\/v2\/media?parent=57"}],"curies":[{"name":"wp","href":"https:\/\/api.w.org\/{rel}","templated":true}]}}