{"id":65,"date":"2026-02-19T01:45:02","date_gmt":"2026-02-19T01:45:02","guid":{"rendered":"https:\/\/www.sexcitante.com\/fr\/?page_id=65"},"modified":"2026-02-19T23:08:12","modified_gmt":"2026-02-19T23:08:12","slug":"politique-de-cookies","status":"publish","type":"page","link":"https:\/\/www.sexcitante.com\/fr\/politique-de-cookies\/","title":{"rendered":"Politique de Cookies"},"content":{"rendered":"\n<h1 class=\"wp-block-heading\" style=\"margin-top:var(--wp--preset--spacing--30);margin-bottom:var(--wp--preset--spacing--30)\">Politique de Cookies<\/h1>\n\n\n<p><strong>Derni\u00e8re mise \u00e0 jour :<\/strong> 14 f\u00e9vrier 2026<\/p>\n\n\n<p>Sur <strong>sexcitante.com<\/strong>, nous privil\u00e9gions une intrusion minimale et une confidentialit\u00e9 maximale. C\u2019est pourquoi ce site web est configur\u00e9 pour n\u2019utiliser que les cookies strictement indispensables \u00e0 son bon fonctionnement, en priorisant toujours la s\u00e9curit\u00e9 et l\u2019anonymat de nos utilisatrices.<\/p>\n\n\n<h2 class=\"wp-block-heading\">1. Qu\u2019est-ce qu\u2019un cookie ?<\/h2>\n\n\n<p>Un cookie est un petit fichier texte stock\u00e9 dans votre navigateur lorsque vous visitez presque n\u2019importe quel site web. Sa fonction est purement technique : permettre au site de se charger correctement et offrir une navigation s\u00e9curis\u00e9e et fluide.<\/p>\n\n\n<h2 class=\"wp-block-heading\">2. Cookies utilis\u00e9s sur ce site<\/h2>\n\n\n<p>Apr\u00e8s les audits techniques r\u00e9alis\u00e9s, nous confirmons que <strong>SexCitante n\u2019utilise que des Cookies Techniques et Strictement N\u00e9cessaires<\/strong>. Ces cookies sont essentiels pour :<\/p>\n\n\n<ul class=\"wp-block-list\">\n<li>Garantir la s\u00e9curit\u00e9 de la navigation via le protocole SSL (HTTPS).<\/li>\n\n\n<li>Permettre le chargement des contenus et l\u2019utilisation des boutons de contact direct (WhatsApp\/Email).<\/li>\n\n\n<li>Se souvenir de votre pr\u00e9f\u00e9rence concernant l\u2019utilisation des cookies afin de ne pas afficher l\u2019avis \u00e0 chaque visite.<\/li>\n<\/ul>\n\n\n<p><strong>Important :<\/strong> Nous n\u2019utilisons pas de cookies publicitaires, ni de syst\u00e8mes de tra\u00e7age massif, ni d\u2019outils d\u2019analyse qui collectent des donn\u00e9es personnelles identifiables de nos utilisatrices.<\/p>\n\n\n<h2 class=\"wp-block-heading\">3. Services de Tiers<\/h2>\n\n\n<p>Lorsque vous interagissez avec les liens de contact (WhatsApp) ou les r\u00e9seaux sociaux, vous pourriez \u00eatre redirig\u00e9 vers des plateformes externes. Ces sites web disposent de leurs propres politiques de confidentialit\u00e9 et de cookies, ind\u00e9pendantes de SexCitante. Nous vous recommandons de les consulter lorsque vous interagissez avec ces services.<\/p>\n\n\n<h2 class=\"wp-block-heading\">4. Contr\u00f4le et Gestion des Cookies<\/h2>\n\n\n<p>\u00c9tant donn\u00e9 que nous n\u2019utilisons que des cookies techniques n\u00e9cessaires au fonctionnement du site, leur d\u00e9sactivation pourrait entra\u00eener un dysfonctionnement de certaines fonctionnalit\u00e9s du site.<\/p>\n\n\n<p>Cependant, si vous souhaitez restreindre, bloquer ou supprimer les cookies de ce site web, vous pouvez le faire \u00e0 tout moment en modifiant les param\u00e8tres de votre navigateur. Chaque navigateur ayant une proc\u00e9dure diff\u00e9rente, nous vous recommandons de consulter le menu <strong>\u00ab Aide \u00bb<\/strong> ou la section <strong>\u00ab Confidentialit\u00e9 et S\u00e9curit\u00e9 \u00bb<\/strong> de votre navigateur pour conna\u00eetre les \u00e9tapes pr\u00e9cises.<\/p>\n\n\n<h2 class=\"wp-block-heading\">5. Mises \u00e0 jour<\/h2>\n\n\n<p>Cette politique pourrait \u00eatre mise \u00e0 jour \u00e0 l\u2019avenir si nous d\u00e9cidons d\u2019int\u00e9grer de nouveaux outils n\u00e9cessitant l\u2019utilisation de cookies suppl\u00e9mentaires. Tout changement sera refl\u00e9t\u00e9 sur cette page.<\/p>\n","protected":false},"excerpt":{"rendered":"<p>Politique de Cookies Derni\u00e8re mise \u00e0 jour : 14 f\u00e9vrier 2026 Sur sexcitante.com, nous privil\u00e9gions une intrusion minimale et une confidentialit\u00e9 maximale. C\u2019est pourquoi ce site web est configur\u00e9 pour n\u2019utiliser que les cookies strictement indispensables \u00e0 son bon fonctionnement, en priorisant toujours la s\u00e9curit\u00e9 et l\u2019anonymat de nos utilisatrices. 1. Qu\u2019est-ce qu\u2019un cookie ? [&hellip;]<\/p>\n","protected":false},"author":1,"featured_media":0,"parent":0,"menu_order":0,"comment_status":"closed","ping_status":"closed","template":"page-no-title","meta":{"footnotes":""},"class_list":["post-65","page","type-page","status-publish","hentry"],"_links":{"self":[{"href":"https:\/\/www.sexcitante.com\/fr\/wp-json\/wp\/v2\/pages\/65","targetHints":{"allow":["GET"]}}],"collection":[{"href":"https:\/\/www.sexcitante.com\/fr\/wp-json\/wp\/v2\/pages"}],"about":[{"href":"https:\/\/www.sexcitante.com\/fr\/wp-json\/wp\/v2\/types\/page"}],"author":[{"embeddable":true,"href":"https:\/\/www.sexcitante.com\/fr\/wp-json\/wp\/v2\/users\/1"}],"replies":[{"embeddable":true,"href":"https:\/\/www.sexcitante.com\/fr\/wp-json\/wp\/v2\/comments?post=65"}],"version-history":[{"count":2,"href":"https:\/\/www.sexcitante.com\/fr\/wp-json\/wp\/v2\/pages\/65\/revisions"}],"predecessor-version":[{"id":67,"href":"https:\/\/www.sexcitante.com\/fr\/wp-json\/wp\/v2\/pages\/65\/revisions\/67"}],"wp:attachment":[{"href":"https:\/\/www.sexcitante.com\/fr\/wp-json\/wp\/v2\/media?parent=65"}],"curies":[{"name":"wp","href":"https:\/\/api.w.org\/{rel}","templated":true}]}}